{"id":7449,"date":"2024-02-05T22:41:31","date_gmt":"2024-02-05T22:41:31","guid":{"rendered":"https:\/\/www.dssystem-maszyny.pl\/produkt\/auxiliary-wheel\/"},"modified":"2025-07-28T07:31:43","modified_gmt":"2025-07-28T07:31:43","slug":"auxiliary-wheel","status":"publish","type":"product","link":"https:\/\/www.dssystem-maszyny.pl\/en\/produkt\/auxiliary-wheel\/","title":{"rendered":"AUXILIARY WHEEL"},"content":{"rendered":"<p data-start=\"182\" data-end=\"239\"><strong data-start=\"182\" data-end=\"239\">Robust transport trolley for glass, windows and panes<\/strong><\/p>\n<p data-start=\"241\" data-end=\"520\">Our robust and simple transport trolley is an indispensable tool for transporting windows, glass panes and other flat-surface loads. Thanks to the inflatable wheel, it is possible to transport comfortably even on an unpaved construction site, which significantly facilitates assembly work. <\/p>\n<p data-start=\"522\" data-end=\"815\">The trolley allows you to quickly and safely move not only window glass, but also other elements such as doors or furniture. The only prerequisite for effective use is a smooth, air-tight surface of the transported product, which enables stable suction. <\/p>\n<p data-start=\"817\" data-end=\"835\"><strong data-start=\"817\" data-end=\"835\">Main advantages:<\/strong><\/p>\n<ul data-start=\"836\" data-end=\"1050\">\n<li data-start=\"836\" data-end=\"889\">\n<p data-start=\"838\" data-end=\"889\">Easy transport of windows, glass and similar materials<\/p>\n<\/li>\n<li data-start=\"890\" data-end=\"950\">\n<p data-start=\"892\" data-end=\"950\">Air-filled wheel \u2013 mobility even off the beaten track<\/p>\n<\/li>\n<li data-start=\"951\" data-end=\"1016\">\n<p data-start=\"953\" data-end=\"1016\">Possibility of moving doors, furniture and other flat elements<\/p>\n<\/li>\n<li data-start=\"1017\" data-end=\"1050\">\n<p data-start=\"1019\" data-end=\"1050\">Simple and robust design<\/p>\n<\/li>\n<\/ul>\n<p data-start=\"1052\" data-end=\"1162\">Bet on proven solutions and make it easier for you to transport heavy and delicate loads on any construction site!<\/p>\n","protected":false},"excerpt":{"rendered":"<p>Robust transport trolley for glass, windows and panes Our robust and simple transport trolley is an indispensable tool for transporting windows, glass panes and other flat-surface loads. Thanks to the inflatable wheel, it is possible to transport comfortably even on an unpaved construction site, which significantly facilitates assembly work. The trolley allows you to quickly [&hellip;]<\/p>\n","protected":false},"featured_media":8884,"template":"","meta":[],"product_brand":[],"product_cat":[409],"product_tag":[],"class_list":{"0":"post-7449","1":"product","2":"type-product","3":"status-publish","4":"has-post-thumbnail","6":"product_cat-glass","8":"first","9":"instock","10":"shipping-taxable","11":"product-type-simple"},"yoast_head":"<!-- This site is optimized with the Yoast SEO Premium plugin v20.12 (Yoast SEO v27.4) - https:\/\/yoast.com\/product\/yoast-seo-premium-wordpress\/ -->\n<title>Auxiliary wheel for transport trolley \u2013 DS SYSTEM<\/title>\n<meta name=\"description\" content=\"Support wheel for DS SYSTEM transport trolley \u2013 easy assembly, robust construction and fast shipping. Make the glass and window trolley easy to manoeuvre!\" \/>\n<meta name=\"robots\" content=\"index, follow, max-snippet:-1, max-image-preview:large, max-video-preview:-1\" \/>\n<link rel=\"canonical\" href=\"https:\/\/www.dssystem-maszyny.pl\/en\/produkt\/auxiliary-wheel\/\" \/>\n<meta property=\"og:locale\" content=\"en_US\" \/>\n<meta property=\"og:type\" content=\"article\" \/>\n<meta property=\"og:title\" content=\"AUXILIARY WHEEL\" \/>\n<meta property=\"og:description\" content=\"Support wheel for DS SYSTEM transport trolley \u2013 easy assembly, robust construction and fast shipping. Make the glass and window trolley easy to manoeuvre!\" \/>\n<meta property=\"og:url\" content=\"https:\/\/www.dssystem-maszyny.pl\/en\/produkt\/auxiliary-wheel\/\" \/>\n<meta property=\"og:site_name\" content=\"DSSYSTEM\" \/>\n<meta property=\"article:publisher\" content=\"https:\/\/www.facebook.com\/chwytakiprozniowe\" \/>\n<meta property=\"article:modified_time\" content=\"2025-07-28T07:31:43+00:00\" \/>\n<meta property=\"og:image\" content=\"https:\/\/www.dssystem-maszyny.pl\/wp-content\/uploads\/2024\/02\/wheel.jpeg\" \/>\n\t<meta property=\"og:image:width\" content=\"1209\" \/>\n\t<meta property=\"og:image:height\" content=\"2560\" \/>\n\t<meta property=\"og:image:type\" content=\"image\/jpeg\" \/>\n<meta name=\"twitter:card\" content=\"summary_large_image\" \/>\n<meta name=\"twitter:label1\" content=\"Est. reading time\" \/>\n\t<meta name=\"twitter:data1\" content=\"1 minute\" \/>\n<script type=\"application\/ld+json\" class=\"yoast-schema-graph\">{\"@context\":\"https:\\\/\\\/schema.org\",\"@graph\":[{\"@type\":\"WebPage\",\"@id\":\"https:\\\/\\\/www.dssystem-maszyny.pl\\\/en\\\/produkt\\\/auxiliary-wheel\\\/\",\"url\":\"https:\\\/\\\/www.dssystem-maszyny.pl\\\/en\\\/produkt\\\/auxiliary-wheel\\\/\",\"name\":\"Auxiliary wheel for transport trolley \u2013 DS SYSTEM\",\"isPartOf\":{\"@id\":\"https:\\\/\\\/www.dssystem-maszyny.pl\\\/en\\\/#website\"},\"primaryImageOfPage\":{\"@id\":\"https:\\\/\\\/www.dssystem-maszyny.pl\\\/en\\\/produkt\\\/auxiliary-wheel\\\/#primaryimage\"},\"image\":{\"@id\":\"https:\\\/\\\/www.dssystem-maszyny.pl\\\/en\\\/produkt\\\/auxiliary-wheel\\\/#primaryimage\"},\"thumbnailUrl\":\"https:\\\/\\\/www.dssystem-maszyny.pl\\\/wp-content\\\/uploads\\\/2024\\\/02\\\/wheel.jpeg\",\"datePublished\":\"2024-02-05T22:41:31+00:00\",\"dateModified\":\"2025-07-28T07:31:43+00:00\",\"description\":\"Support wheel for DS SYSTEM transport trolley \u2013 easy assembly, robust construction and fast shipping. Make the glass and window trolley easy to manoeuvre!\",\"breadcrumb\":{\"@id\":\"https:\\\/\\\/www.dssystem-maszyny.pl\\\/en\\\/produkt\\\/auxiliary-wheel\\\/#breadcrumb\"},\"inLanguage\":\"en-US\",\"potentialAction\":[{\"@type\":\"ReadAction\",\"target\":[\"https:\\\/\\\/www.dssystem-maszyny.pl\\\/en\\\/produkt\\\/auxiliary-wheel\\\/\"]}]},{\"@type\":\"ImageObject\",\"inLanguage\":\"en-US\",\"@id\":\"https:\\\/\\\/www.dssystem-maszyny.pl\\\/en\\\/produkt\\\/auxiliary-wheel\\\/#primaryimage\",\"url\":\"https:\\\/\\\/www.dssystem-maszyny.pl\\\/wp-content\\\/uploads\\\/2024\\\/02\\\/wheel.jpeg\",\"contentUrl\":\"https:\\\/\\\/www.dssystem-maszyny.pl\\\/wp-content\\\/uploads\\\/2024\\\/02\\\/wheel.jpeg\",\"width\":1209,\"height\":2560,\"caption\":\"glass vacuum gripper\"},{\"@type\":\"BreadcrumbList\",\"@id\":\"https:\\\/\\\/www.dssystem-maszyny.pl\\\/en\\\/produkt\\\/auxiliary-wheel\\\/#breadcrumb\",\"itemListElement\":[{\"@type\":\"ListItem\",\"position\":1,\"name\":\"Home\",\"item\":\"https:\\\/\\\/www.dssystem-maszyny.pl\\\/en\\\/chwytaki-prozniowe\\\/\"},{\"@type\":\"ListItem\",\"position\":2,\"name\":\"Produkty\",\"item\":\"https:\\\/\\\/www.dssystem-maszyny.pl\\\/produkty\\\/\"},{\"@type\":\"ListItem\",\"position\":3,\"name\":\"AUXILIARY WHEEL\"}]},{\"@type\":\"WebSite\",\"@id\":\"https:\\\/\\\/www.dssystem-maszyny.pl\\\/en\\\/#website\",\"url\":\"https:\\\/\\\/www.dssystem-maszyny.pl\\\/en\\\/\",\"name\":\"DSSYSTEM\",\"description\":\"DS SYSTEM producent maszyn - pr\u00f3\u017cniowe chwytaki do szk\u0142a, drewna i p\u0142yty warstwowej, konstrukcje stalowe.\",\"publisher\":{\"@id\":\"https:\\\/\\\/www.dssystem-maszyny.pl\\\/en\\\/#organization\"},\"potentialAction\":[{\"@type\":\"SearchAction\",\"target\":{\"@type\":\"EntryPoint\",\"urlTemplate\":\"https:\\\/\\\/www.dssystem-maszyny.pl\\\/en\\\/?s={search_term_string}\"},\"query-input\":{\"@type\":\"PropertyValueSpecification\",\"valueRequired\":true,\"valueName\":\"search_term_string\"}}],\"inLanguage\":\"en-US\"},{\"@type\":\"Organization\",\"@id\":\"https:\\\/\\\/www.dssystem-maszyny.pl\\\/en\\\/#organization\",\"name\":\"DS System Sp. z.o.o.\",\"alternateName\":\"DS System\",\"url\":\"https:\\\/\\\/www.dssystem-maszyny.pl\\\/en\\\/\",\"logo\":{\"@type\":\"ImageObject\",\"inLanguage\":\"en-US\",\"@id\":\"https:\\\/\\\/www.dssystem-maszyny.pl\\\/en\\\/#\\\/schema\\\/logo\\\/image\\\/\",\"url\":\"https:\\\/\\\/www.dssystem-maszyny.pl\\\/wp-content\\\/uploads\\\/2023\\\/12\\\/DS-SYSTEM-logo.png\",\"contentUrl\":\"https:\\\/\\\/www.dssystem-maszyny.pl\\\/wp-content\\\/uploads\\\/2023\\\/12\\\/DS-SYSTEM-logo.png\",\"width\":1914,\"height\":515,\"caption\":\"DS System Sp. z.o.o.\"},\"image\":{\"@id\":\"https:\\\/\\\/www.dssystem-maszyny.pl\\\/en\\\/#\\\/schema\\\/logo\\\/image\\\/\"},\"sameAs\":[\"https:\\\/\\\/www.facebook.com\\\/chwytakiprozniowe\",\"https:\\\/\\\/www.instagram.com\\\/dssystem_maszyny\",\"https:\\\/\\\/www.tiktok.com\\\/@dssystem1\"]}]}<\/script>\n<!-- \/ Yoast SEO Premium plugin. -->","yoast_head_json":{"title":"Auxiliary wheel for transport trolley \u2013 DS SYSTEM","description":"Support wheel for DS SYSTEM transport trolley \u2013 easy assembly, robust construction and fast shipping. Make the glass and window trolley easy to manoeuvre!","robots":{"index":"index","follow":"follow","max-snippet":"max-snippet:-1","max-image-preview":"max-image-preview:large","max-video-preview":"max-video-preview:-1"},"canonical":"https:\/\/www.dssystem-maszyny.pl\/en\/produkt\/auxiliary-wheel\/","og_locale":"en_US","og_type":"article","og_title":"AUXILIARY WHEEL","og_description":"Support wheel for DS SYSTEM transport trolley \u2013 easy assembly, robust construction and fast shipping. Make the glass and window trolley easy to manoeuvre!","og_url":"https:\/\/www.dssystem-maszyny.pl\/en\/produkt\/auxiliary-wheel\/","og_site_name":"DSSYSTEM","article_publisher":"https:\/\/www.facebook.com\/chwytakiprozniowe","article_modified_time":"2025-07-28T07:31:43+00:00","og_image":[{"width":1209,"height":2560,"url":"https:\/\/www.dssystem-maszyny.pl\/wp-content\/uploads\/2024\/02\/wheel.jpeg","type":"image\/jpeg"}],"twitter_card":"summary_large_image","twitter_misc":{"Est. reading time":"1 minute"},"schema":{"@context":"https:\/\/schema.org","@graph":[{"@type":"WebPage","@id":"https:\/\/www.dssystem-maszyny.pl\/en\/produkt\/auxiliary-wheel\/","url":"https:\/\/www.dssystem-maszyny.pl\/en\/produkt\/auxiliary-wheel\/","name":"Auxiliary wheel for transport trolley \u2013 DS SYSTEM","isPartOf":{"@id":"https:\/\/www.dssystem-maszyny.pl\/en\/#website"},"primaryImageOfPage":{"@id":"https:\/\/www.dssystem-maszyny.pl\/en\/produkt\/auxiliary-wheel\/#primaryimage"},"image":{"@id":"https:\/\/www.dssystem-maszyny.pl\/en\/produkt\/auxiliary-wheel\/#primaryimage"},"thumbnailUrl":"https:\/\/www.dssystem-maszyny.pl\/wp-content\/uploads\/2024\/02\/wheel.jpeg","datePublished":"2024-02-05T22:41:31+00:00","dateModified":"2025-07-28T07:31:43+00:00","description":"Support wheel for DS SYSTEM transport trolley \u2013 easy assembly, robust construction and fast shipping. Make the glass and window trolley easy to manoeuvre!","breadcrumb":{"@id":"https:\/\/www.dssystem-maszyny.pl\/en\/produkt\/auxiliary-wheel\/#breadcrumb"},"inLanguage":"en-US","potentialAction":[{"@type":"ReadAction","target":["https:\/\/www.dssystem-maszyny.pl\/en\/produkt\/auxiliary-wheel\/"]}]},{"@type":"ImageObject","inLanguage":"en-US","@id":"https:\/\/www.dssystem-maszyny.pl\/en\/produkt\/auxiliary-wheel\/#primaryimage","url":"https:\/\/www.dssystem-maszyny.pl\/wp-content\/uploads\/2024\/02\/wheel.jpeg","contentUrl":"https:\/\/www.dssystem-maszyny.pl\/wp-content\/uploads\/2024\/02\/wheel.jpeg","width":1209,"height":2560,"caption":"glass vacuum gripper"},{"@type":"BreadcrumbList","@id":"https:\/\/www.dssystem-maszyny.pl\/en\/produkt\/auxiliary-wheel\/#breadcrumb","itemListElement":[{"@type":"ListItem","position":1,"name":"Home","item":"https:\/\/www.dssystem-maszyny.pl\/en\/chwytaki-prozniowe\/"},{"@type":"ListItem","position":2,"name":"Produkty","item":"https:\/\/www.dssystem-maszyny.pl\/produkty\/"},{"@type":"ListItem","position":3,"name":"AUXILIARY WHEEL"}]},{"@type":"WebSite","@id":"https:\/\/www.dssystem-maszyny.pl\/en\/#website","url":"https:\/\/www.dssystem-maszyny.pl\/en\/","name":"DSSYSTEM","description":"DS SYSTEM producent maszyn - pr\u00f3\u017cniowe chwytaki do szk\u0142a, drewna i p\u0142yty warstwowej, konstrukcje stalowe.","publisher":{"@id":"https:\/\/www.dssystem-maszyny.pl\/en\/#organization"},"potentialAction":[{"@type":"SearchAction","target":{"@type":"EntryPoint","urlTemplate":"https:\/\/www.dssystem-maszyny.pl\/en\/?s={search_term_string}"},"query-input":{"@type":"PropertyValueSpecification","valueRequired":true,"valueName":"search_term_string"}}],"inLanguage":"en-US"},{"@type":"Organization","@id":"https:\/\/www.dssystem-maszyny.pl\/en\/#organization","name":"DS System Sp. z.o.o.","alternateName":"DS System","url":"https:\/\/www.dssystem-maszyny.pl\/en\/","logo":{"@type":"ImageObject","inLanguage":"en-US","@id":"https:\/\/www.dssystem-maszyny.pl\/en\/#\/schema\/logo\/image\/","url":"https:\/\/www.dssystem-maszyny.pl\/wp-content\/uploads\/2023\/12\/DS-SYSTEM-logo.png","contentUrl":"https:\/\/www.dssystem-maszyny.pl\/wp-content\/uploads\/2023\/12\/DS-SYSTEM-logo.png","width":1914,"height":515,"caption":"DS System Sp. z.o.o."},"image":{"@id":"https:\/\/www.dssystem-maszyny.pl\/en\/#\/schema\/logo\/image\/"},"sameAs":["https:\/\/www.facebook.com\/chwytakiprozniowe","https:\/\/www.instagram.com\/dssystem_maszyny","https:\/\/www.tiktok.com\/@dssystem1"]}]}},"_links":{"self":[{"href":"https:\/\/www.dssystem-maszyny.pl\/en\/wp-json\/wp\/v2\/product\/7449","targetHints":{"allow":["GET"]}}],"collection":[{"href":"https:\/\/www.dssystem-maszyny.pl\/en\/wp-json\/wp\/v2\/product"}],"about":[{"href":"https:\/\/www.dssystem-maszyny.pl\/en\/wp-json\/wp\/v2\/types\/product"}],"wp:featuredmedia":[{"embeddable":true,"href":"https:\/\/www.dssystem-maszyny.pl\/en\/wp-json\/wp\/v2\/media\/8884"}],"wp:attachment":[{"href":"https:\/\/www.dssystem-maszyny.pl\/en\/wp-json\/wp\/v2\/media?parent=7449"}],"wp:term":[{"taxonomy":"product_brand","embeddable":true,"href":"https:\/\/www.dssystem-maszyny.pl\/en\/wp-json\/wp\/v2\/product_brand?post=7449"},{"taxonomy":"product_cat","embeddable":true,"href":"https:\/\/www.dssystem-maszyny.pl\/en\/wp-json\/wp\/v2\/product_cat?post=7449"},{"taxonomy":"product_tag","embeddable":true,"href":"https:\/\/www.dssystem-maszyny.pl\/en\/wp-json\/wp\/v2\/product_tag?post=7449"}],"curies":[{"name":"wp","href":"https:\/\/api.w.org\/{rel}","templated":true}]}}