{"id":7438,"date":"2024-02-05T22:42:04","date_gmt":"2024-02-05T22:42:04","guid":{"rendered":"https:\/\/www.dssystem-maszyny.pl\/produkt\/vacuum-gripper-glass-system-ds600-rr\/"},"modified":"2025-07-28T07:31:43","modified_gmt":"2025-07-28T07:31:43","slug":"vacuum-gripper-glass-system-ds600-rr","status":"publish","type":"product","link":"https:\/\/www.dssystem-maszyny.pl\/en\/produkt\/vacuum-gripper-glass-system-ds600-rr\/","title":{"rendered":"VACUUM GRIPPER GLASS SYSTEM DS600 RR"},"content":{"rendered":"<p><b><div class=\"wptb-container-legacy\" data-table-id=\"7126\">\n    <table class=\"wptb-preview-table wptb-element-main-table_setting-48 edit-active\" data-reconstraction=\"1\" style=\"border-width: 0px; border-style: solid; border-image: initial; border-spacing: 17px 3px; border-collapse: collapse !important;\" data-wptb-table-tds-sum-max-width=\"700\" data-wptb-cells-width-auto-count=\"7\" data-table-columns=\"7\" data-border-spacing-columns=\"17\" role=\"table\" data-wptb-table-directives=\"eyJpbm5lckJvcmRlcnMiOnsiYWN0aXZlIjoiYWxsIiwiYm9yZGVyV2lkdGgiOiIxIiwiYm9yZGVyUmFkaXVzZXMiOnsiYWxsIjpudWxsfX19\" data-wptb-horizontal-scroll-status=\"false\" data-wptb-extra-styles=\"LyogRW50ZXIgeW91ciBjdXN0b20gQ1NTIHJ1bGVzIGhlcmUgKi8=\" data-wptb-header-background-color=\"#FFFFFFFF\" data-wptb-table-alignment=\"center\" data-wptb-even-row-background-color=\"#FFFFFFFF\" data-wptb-odd-row-background-color=\"#FFFFFFFF\" data-wptb-responsive-directives=\"eyJyZXNwb25zaXZlRW5hYmxlZCI6dHJ1ZSwicmVzcG9uc2l2ZU1vZGUiOiJhdXRvIiwicHJlc2VydmVSb3dDb2xvciI6ZmFsc2UsInJlbGF0aXZlV2lkdGgiOiJ3aW5kb3ciLCJoZWFkZXJGdWxseU1lcmdlZCI6ZmFsc2UsIm1vZGVPcHRpb25zIjp7ImF1dG8iOnsiZGlzYWJsZWQiOnsiZGVza3RvcCI6ZmFsc2UsInRhYmxldCI6ZmFsc2UsIm1vYmlsZSI6ZmFsc2V9LCJ0b3BSb3dBc0hlYWRlciI6eyJkZXNrdG9wIjpmYWxzZSwidGFibGV0Ijp0cnVlLCJtb2JpbGUiOnRydWV9LCJyZXBlYXRNZXJnZWRIZWFkZXIiOnsiZGVza3RvcCI6dHJ1ZSwidGFibGV0Ijp0cnVlLCJtb2JpbGUiOnRydWV9LCJzdGF0aWNUb3BSb3ciOnsiZGVza3RvcCI6ZmFsc2UsInRhYmxldCI6ZmFsc2UsIm1vYmlsZSI6ZmFsc2V9LCJjZWxsU3RhY2tEaXJlY3Rpb24iOnsiZGVza3RvcCI6InJvdyIsInRhYmxldCI6InJvdyIsIm1vYmlsZSI6InJvdyJ9LCJjZWxsc1BlclJvdyI6eyJkZXNrdG9wIjoxLCJ0YWJsZXQiOjEsIm1vYmlsZSI6MX19fSwiYnJlYWtwb2ludHMiOnsiZGVza3RvcCI6eyJuYW1lIjoiZGVza3RvcCIsIndpZHRoIjoxMDI0fSwidGFibGV0Ijp7Im5hbWUiOiJ0YWJsZXQiLCJ3aWR0aCI6NzAwfSwibW9iaWxlIjp7Im5hbWUiOiJtb2JpbGUiLCJ3aWR0aCI6MzAwfX19\" data-wptb-adaptive-table=\"0\" data-wptb-apply-table-container-max-width=\"1\" data-wptb-table-container-max-width=\"850\"><tbody><tr class=\"wptb-row\" style=\"background-color: rgb(255, 255, 255);\" data-wptb-bg-color=\"#FFFFFFFF\"><td class=\"wptb-cell\" style=\"border-width: 1px; position: relative; background-color: rgb(255, 255, 255); padding: 0px; border-style: none;\" data-wptb-css-td-auto-width=\"true\" data-x-index=\"0\" data-y-index=\"0\" data-wptb-own-bg-color=\"#FFFFFFFF\" data-sorted-horizontal=\"ask-disabled\" data-sorted-vertical=\"ask-disabled\" data-wptb-cell-vertical-alignment=\"top\"><div class=\"wptb-icon-container wptb-ph-element wptb-element-icon-10\" style=\"padding: 0px; margin: 0px;\"><div class=\"wptb-icon-wrapper\" style=\"text-align: center;\">            <div class=\"wptb-icon\" style=\"width: 40px; height: 40px; fill: rgb(15, 162, 61);\" data-wptb-icon-src=\"check\"><svg xmlns=\"http:\/\/www.w3.org\/2000\/svg\" viewBox=\"0 0 512 512\"><path d=\"M173.898 439.404l-166.4-166.4c-9.997-9.997-9.997-26.206 0-36.204l36.203-36.204c9.997-9.998 26.207-9.998 36.204 0L192 312.69 432.095 72.596c9.997-9.997 26.207-9.997 36.204 0l36.203 36.204c9.997 9.997 9.997 26.206 0 36.204l-294.4 294.401c-9.998 9.997-26.207 9.997-36.204-.001z\"><\/path><\/svg><\/div>        <\/div><\/div><div class=\"wptb-text-container wptb-ph-element wptb-element-text-1\" style=\"color: rgb(0, 0, 0); font-size: 15px; padding: 0px; margin: 0px;\"><div class=\"\" style=\"position: relative;\"><p style=\"text-align: center;\"><strong>Sterowanie radiowe,<\/strong><\/p><p style=\"text-align: center;\"><strong>&nbsp;pilot do 200 m<\/strong><\/p><\/div><\/div><\/td><td class=\"wptb-cell\" style=\"border-width: 1px; position: relative; background-color: rgb(255, 255, 255); padding: 0px; border-style: none;\" data-x-index=\"1\" data-y-index=\"0\" data-wptb-own-bg-color=\"#FFFFFFFF\" data-wptb-css-td-auto-width=\"true\" data-sorted-vertical=\"ask-disabled\" data-wptb-cell-vertical-alignment=\"top\"><div class=\"wptb-icon-container wptb-ph-element wptb-element-icon-11\" style=\"padding: 0px; margin: 0px;\"><div class=\"wptb-icon-wrapper\" style=\"text-align: center;\">            <div class=\"wptb-icon\" style=\"width: 40px; height: 40px; fill: rgb(15, 162, 61);\" data-wptb-icon-src=\"check\"><svg xmlns=\"http:\/\/www.w3.org\/2000\/svg\" viewBox=\"0 0 512 512\" class=\"\"><path d=\"M173.898 439.404l-166.4-166.4c-9.997-9.997-9.997-26.206 0-36.204l36.203-36.204c9.997-9.998 26.207-9.998 36.204 0L192 312.69 432.095 72.596c9.997-9.997 26.207-9.997 36.204 0l36.203 36.204c9.997 9.997 9.997 26.206 0 36.204l-294.4 294.401c-9.998 9.997-26.207 9.997-36.204-.001z\"><\/path><\/svg><\/div>        <\/div><\/div><div class=\"wptb-text-container wptb-ph-element wptb-element-text-4\" style=\"color: rgb(0, 0, 0); font-size: 15px; padding: 0px; margin: 0px;\"><div class=\"\" style=\"position: relative;\"><p style=\"text-align: center;\"><strong>Kompatybilne z<\/strong><\/p><p style=\"text-align: center;\"><strong> \u017curawiami oraz HDS<\/strong><\/p><\/div><\/div><\/td><td class=\"wptb-cell\" style=\"border-width: 1px; position: relative; background-color: rgb(255, 255, 255); padding: 0px; border-style: none;\" data-wptb-css-td-auto-width=\"true\" data-x-index=\"2\" data-y-index=\"0\" data-wptb-own-bg-color=\"#FFFFFFFF\" data-sorted-vertical=\"ask-disabled\" data-wptb-cell-vertical-alignment=\"top\"><div class=\"wptb-icon-container wptb-ph-element wptb-element-icon-12\" style=\"padding: 0px; margin: 0px;\"><div class=\"wptb-icon-wrapper\" style=\"text-align: center;\">            <div class=\"wptb-icon\" style=\"width: 40px; height: 40px; fill: rgb(15, 162, 61);\" data-wptb-icon-src=\"check\"><svg xmlns=\"http:\/\/www.w3.org\/2000\/svg\" viewBox=\"0 0 512 512\"><path d=\"M173.898 439.404l-166.4-166.4c-9.997-9.997-9.997-26.206 0-36.204l36.203-36.204c9.997-9.998 26.207-9.998 36.204 0L192 312.69 432.095 72.596c9.997-9.997 26.207-9.997 36.204 0l36.203 36.204c9.997 9.997 9.997 26.206 0 36.204l-294.4 294.401c-9.998 9.997-26.207 9.997-36.204-.001z\"><\/path><\/svg><\/div>        <\/div><\/div><div class=\"wptb-text-container wptb-ph-element wptb-element-text-6\" style=\"color: rgb(0, 0, 0); font-size: 15px; padding: 0px; margin: 0px;\"><div class=\"\" style=\"position: relative;\"><p style=\"text-align: center;\"><strong>Monta\u017c&nbsp;okien HST&nbsp;dzi\u0119ki<\/strong><\/p><p style=\"text-align: center;\"><strong> regulacji<\/strong><\/p><\/div><\/div><\/td><td class=\"wptb-cell\" style=\"border-width: 1px; position: relative; background-color: rgb(255, 255, 255); padding: 0px; border-style: none;\" data-wptb-css-td-auto-width=\"true\" data-x-index=\"3\" data-y-index=\"0\" data-wptb-own-bg-color=\"#FFFFFFFF\" data-sorted-vertical=\"ask-disabled\" data-wptb-cell-vertical-alignment=\"top\"><div class=\"wptb-icon-container wptb-ph-element wptb-element-icon-13\" style=\"padding: 0px; margin: 0px;\"><div class=\"wptb-icon-wrapper\" style=\"text-align: center;\">            <div class=\"wptb-icon\" style=\"width: 40px; height: 40px; fill: rgb(15, 162, 61);\" data-wptb-icon-src=\"check\"><svg xmlns=\"http:\/\/www.w3.org\/2000\/svg\" viewBox=\"0 0 512 512\" class=\"\"><path d=\"M173.898 439.404l-166.4-166.4c-9.997-9.997-9.997-26.206 0-36.204l36.203-36.204c9.997-9.998 26.207-9.998 36.204 0L192 312.69 432.095 72.596c9.997-9.997 26.207-9.997 36.204 0l36.203 36.204c9.997 9.997 9.997 26.206 0 36.204l-294.4 294.401c-9.998 9.997-26.207 9.997-36.204-.001z\"><\/path><\/svg><\/div>        <\/div><\/div><div class=\"wptb-text-container wptb-ph-element wptb-element-text-7\" style=\"color: rgb(0, 0, 0); font-size: 15px; padding: 0px; margin: 0px;\"><div class=\"\" style=\"position: relative;\"><p style=\"text-align: center;\"><strong>Dowolna konfiguracja urz\u0105dzenia<\/strong><\/p><p style=\"text-align: center;\"><\/p><\/div><\/div><\/td><td class=\"wptb-cell\" style=\"border-width: 1px; position: relative; background-color: rgb(255, 255, 255); padding: 0px; border-style: none;\" data-wptb-css-td-auto-width=\"true\" data-x-index=\"4\" data-y-index=\"0\" data-wptb-own-bg-color=\"#FFFFFFFF\" data-sorted-vertical=\"ask-disabled\" data-wptb-cell-vertical-alignment=\"top\"><div class=\"wptb-icon-container wptb-ph-element wptb-element-icon-1\" style=\"padding: 0px; margin: 0px;\"><div class=\"wptb-icon-wrapper\" style=\"text-align: center;\">            <div class=\"wptb-icon\" style=\"width: 40px; height: 40px; fill: rgb(15, 162, 61);\" data-wptb-icon-src=\"check\"><svg xmlns=\"http:\/\/www.w3.org\/2000\/svg\" viewBox=\"0 0 512 512\" class=\"\"><path d=\"M173.898 439.404l-166.4-166.4c-9.997-9.997-9.997-26.206 0-36.204l36.203-36.204c9.997-9.998 26.207-9.998 36.204 0L192 312.69 432.095 72.596c9.997-9.997 26.207-9.997 36.204 0l36.203 36.204c9.997 9.997 9.997 26.206 0 36.204l-294.4 294.401c-9.998 9.997-26.207 9.997-36.204-.001z\"><\/path><\/svg><\/div>        <\/div><\/div><div class=\"wptb-text-container wptb-ph-element wptb-element-text-5\" style=\"color: rgb(0, 0, 0); font-size: 15px; padding: 0px; margin: 0px;\"><div class=\"\" style=\"position: relative;\"><p style=\"text-align: center;\"><strong>Darmowa dostawa na terenie polski<\/strong><\/p><\/div><\/div><\/td><td class=\"wptb-cell\" style=\"border-width: 1px; position: relative; background-color: rgb(255, 255, 255); padding: 0px; border-style: none;\" data-wptb-css-td-auto-width=\"true\" data-x-index=\"5\" data-y-index=\"0\" data-wptb-own-bg-color=\"#FFFFFFFF\" data-sorted-vertical=\"ask-disabled\" data-wptb-cell-vertical-alignment=\"top\"><div class=\"wptb-icon-container wptb-ph-element wptb-element-icon-14\" style=\"padding: 0px; margin: 0px;\"><div class=\"wptb-icon-wrapper\" style=\"text-align: center;\">            <div class=\"wptb-icon\" style=\"width: 40px; height: 40px; fill: rgb(15, 162, 61);\" data-wptb-icon-src=\"check\"><svg xmlns=\"http:\/\/www.w3.org\/2000\/svg\" viewBox=\"0 0 512 512\"><path d=\"M173.898 439.404l-166.4-166.4c-9.997-9.997-9.997-26.206 0-36.204l36.203-36.204c9.997-9.998 26.207-9.998 36.204 0L192 312.69 432.095 72.596c9.997-9.997 26.207-9.997 36.204 0l36.203 36.204c9.997 9.997 9.997 26.206 0 36.204l-294.4 294.401c-9.998 9.997-26.207 9.997-36.204-.001z\"><\/path><\/svg><\/div>        <\/div><\/div><div class=\"wptb-text-container wptb-ph-element wptb-element-text-8\" style=\"color: rgb(0, 0, 0); font-size: 15px; padding: 0px; margin: 0px;\"><div class=\"\" style=\"position: relative;\"><p style=\"text-align: center;\"><strong>Bezp\u0142atne szkolenie operator\u00f3w<\/strong><\/p><\/div><\/div><\/td><td class=\"wptb-cell\" style=\"border-width: 1px; position: relative; background-color: rgb(255, 255, 255); padding: 0px; border-style: none;\" data-wptb-css-td-auto-width=\"true\" data-x-index=\"6\" data-y-index=\"0\" data-wptb-own-bg-color=\"#FFFFFFFF\" data-sorted-vertical=\"ask-disabled\" data-wptb-cell-vertical-alignment=\"top\"><div class=\"wptb-icon-container wptb-ph-element wptb-element-icon-15\" style=\"padding: 0px; margin: 0px;\"><div class=\"wptb-icon-wrapper\" style=\"text-align: center;\">            <div class=\"wptb-icon\" style=\"width: 40px; height: 40px; fill: rgb(15, 162, 61);\" data-wptb-icon-src=\"check\"><svg xmlns=\"http:\/\/www.w3.org\/2000\/svg\" viewBox=\"0 0 512 512\" class=\"\"><path d=\"M173.898 439.404l-166.4-166.4c-9.997-9.997-9.997-26.206 0-36.204l36.203-36.204c9.997-9.998 26.207-9.998 36.204 0L192 312.69 432.095 72.596c9.997-9.997 26.207-9.997 36.204 0l36.203 36.204c9.997 9.997 9.997 26.206 0 36.204l-294.4 294.401c-9.998 9.997-26.207 9.997-36.204-.001z\"><\/path><\/svg><\/div>        <\/div><\/div><div class=\"wptb-text-container wptb-ph-element wptb-element-text-9\" style=\"color: rgb(0, 0, 0); font-size: 15px; padding: 0px; margin: 0px;\"><div class=\"\" style=\"position: relative;\"><p style=\"text-align: center;\"><strong>Opieka serwisowa<\/strong><\/p><p style=\"text-align: center;\"><strong> door-to-door<\/strong><\/p><\/div><\/div><\/td><\/tr><\/tbody><\/table>\n<\/div>\n<\/b><\/p>\n<p><b><br \/>\nGLASS SYSTEM DS 600RR<\/b><span style=\"font-weight: 400;\">  <\/span><\/p>\n<p><span style=\"font-weight: 400;\">Vacuum gripper for window installation, glass transport and<\/span> <span style=\"font-weight: 400;\">skylights. <\/span><span style=\"font-weight: 400;\"><br \/>\n<\/span><span style=\"font-weight: 400;\">Can be used to transport long and narrow smooth materials such as granite.<\/span><\/p>\n","protected":false},"excerpt":{"rendered":"<p><span style=\"font-weight: 400;\">Vacuum gripper for window installation, glass transport and<\/span> <span style=\"font-weight: 400;\">skylights. <\/span><span style=\"font-weight: 400;\"><\/p>\n<p><\/span><span style=\"font-weight: 400;\">It can be used to transport long and narrow smooth materials such as granite.<\/span><\/p>\n","protected":false},"featured_media":8908,"template":"","meta":[],"product_brand":[],"product_cat":[409],"product_tag":[],"class_list":{"0":"post-7438","1":"product","2":"type-product","3":"status-publish","4":"has-post-thumbnail","6":"product_cat-glass","8":"first","9":"instock","10":"shipping-taxable","11":"product-type-simple"},"yoast_head":"<!-- This site is optimized with the Yoast SEO Premium plugin v20.12 (Yoast SEO v27.4) - https:\/\/yoast.com\/product\/yoast-seo-premium-wordpress\/ -->\n<title>DS600 RR Glass Vacuum Gripper \u2013 DS SYSTEM<\/title>\n<meta name=\"description\" content=\"DS600 RR vacuum gripper from DS SYSTEM \u2013 ideal for transporting and assembling glass panes and glass panes. Safe, efficient, easy to use\" \/>\n<meta name=\"robots\" content=\"index, follow, max-snippet:-1, max-image-preview:large, max-video-preview:-1\" \/>\n<link rel=\"canonical\" href=\"https:\/\/www.dssystem-maszyny.pl\/en\/produkt\/vacuum-gripper-glass-system-ds600-rr\/\" \/>\n<meta property=\"og:locale\" content=\"en_US\" \/>\n<meta property=\"og:type\" content=\"article\" \/>\n<meta property=\"og:title\" content=\"VACUUM GRIPPER GLASS SYSTEM DS600 RR\" \/>\n<meta property=\"og:description\" content=\"DS600 RR vacuum gripper from DS SYSTEM \u2013 ideal for transporting and assembling glass panes and glass panes. Safe, efficient, easy to use\" \/>\n<meta property=\"og:url\" content=\"https:\/\/www.dssystem-maszyny.pl\/en\/produkt\/vacuum-gripper-glass-system-ds600-rr\/\" \/>\n<meta property=\"og:site_name\" content=\"DSSYSTEM\" \/>\n<meta property=\"article:publisher\" content=\"https:\/\/www.facebook.com\/chwytakiprozniowe\" \/>\n<meta property=\"article:modified_time\" content=\"2025-07-28T07:31:43+00:00\" \/>\n<meta property=\"og:image\" content=\"https:\/\/www.dssystem-maszyny.pl\/wp-content\/uploads\/2024\/02\/DS600-RR-2.jpg\" \/>\n\t<meta property=\"og:image:width\" content=\"2560\" \/>\n\t<meta property=\"og:image:height\" content=\"1893\" \/>\n\t<meta property=\"og:image:type\" content=\"image\/jpeg\" \/>\n<meta name=\"twitter:card\" content=\"summary_large_image\" \/>\n<meta name=\"twitter:label1\" content=\"Est. reading time\" \/>\n\t<meta name=\"twitter:data1\" content=\"1 minute\" \/>\n<script type=\"application\/ld+json\" class=\"yoast-schema-graph\">{\"@context\":\"https:\\\/\\\/schema.org\",\"@graph\":[{\"@type\":\"WebPage\",\"@id\":\"https:\\\/\\\/www.dssystem-maszyny.pl\\\/en\\\/produkt\\\/vacuum-gripper-glass-system-ds600-rr\\\/\",\"url\":\"https:\\\/\\\/www.dssystem-maszyny.pl\\\/en\\\/produkt\\\/vacuum-gripper-glass-system-ds600-rr\\\/\",\"name\":\"DS600 RR Glass Vacuum Gripper \u2013 DS SYSTEM\",\"isPartOf\":{\"@id\":\"https:\\\/\\\/www.dssystem-maszyny.pl\\\/en\\\/#website\"},\"primaryImageOfPage\":{\"@id\":\"https:\\\/\\\/www.dssystem-maszyny.pl\\\/en\\\/produkt\\\/vacuum-gripper-glass-system-ds600-rr\\\/#primaryimage\"},\"image\":{\"@id\":\"https:\\\/\\\/www.dssystem-maszyny.pl\\\/en\\\/produkt\\\/vacuum-gripper-glass-system-ds600-rr\\\/#primaryimage\"},\"thumbnailUrl\":\"https:\\\/\\\/www.dssystem-maszyny.pl\\\/wp-content\\\/uploads\\\/2024\\\/02\\\/DS600-RR-2.jpg\",\"datePublished\":\"2024-02-05T22:42:04+00:00\",\"dateModified\":\"2025-07-28T07:31:43+00:00\",\"description\":\"DS600 RR vacuum gripper from DS SYSTEM \u2013 ideal for transporting and assembling glass panes and glass panes. Safe, efficient, easy to use\",\"breadcrumb\":{\"@id\":\"https:\\\/\\\/www.dssystem-maszyny.pl\\\/en\\\/produkt\\\/vacuum-gripper-glass-system-ds600-rr\\\/#breadcrumb\"},\"inLanguage\":\"en-US\",\"potentialAction\":[{\"@type\":\"ReadAction\",\"target\":[\"https:\\\/\\\/www.dssystem-maszyny.pl\\\/en\\\/produkt\\\/vacuum-gripper-glass-system-ds600-rr\\\/\"]}]},{\"@type\":\"ImageObject\",\"inLanguage\":\"en-US\",\"@id\":\"https:\\\/\\\/www.dssystem-maszyny.pl\\\/en\\\/produkt\\\/vacuum-gripper-glass-system-ds600-rr\\\/#primaryimage\",\"url\":\"https:\\\/\\\/www.dssystem-maszyny.pl\\\/wp-content\\\/uploads\\\/2024\\\/02\\\/DS600-RR-2.jpg\",\"contentUrl\":\"https:\\\/\\\/www.dssystem-maszyny.pl\\\/wp-content\\\/uploads\\\/2024\\\/02\\\/DS600-RR-2.jpg\",\"width\":2560,\"height\":1893,\"caption\":\"chwytak pr\u00f3\u017cniowy\"},{\"@type\":\"BreadcrumbList\",\"@id\":\"https:\\\/\\\/www.dssystem-maszyny.pl\\\/en\\\/produkt\\\/vacuum-gripper-glass-system-ds600-rr\\\/#breadcrumb\",\"itemListElement\":[{\"@type\":\"ListItem\",\"position\":1,\"name\":\"Home\",\"item\":\"https:\\\/\\\/www.dssystem-maszyny.pl\\\/en\\\/chwytaki-prozniowe\\\/\"},{\"@type\":\"ListItem\",\"position\":2,\"name\":\"Produkty\",\"item\":\"https:\\\/\\\/www.dssystem-maszyny.pl\\\/produkty\\\/\"},{\"@type\":\"ListItem\",\"position\":3,\"name\":\"VACUUM GRIPPER GLASS SYSTEM DS600 RR\"}]},{\"@type\":\"WebSite\",\"@id\":\"https:\\\/\\\/www.dssystem-maszyny.pl\\\/en\\\/#website\",\"url\":\"https:\\\/\\\/www.dssystem-maszyny.pl\\\/en\\\/\",\"name\":\"DSSYSTEM\",\"description\":\"DS SYSTEM producent maszyn - pr\u00f3\u017cniowe chwytaki do szk\u0142a, drewna i p\u0142yty warstwowej, konstrukcje stalowe.\",\"publisher\":{\"@id\":\"https:\\\/\\\/www.dssystem-maszyny.pl\\\/en\\\/#organization\"},\"potentialAction\":[{\"@type\":\"SearchAction\",\"target\":{\"@type\":\"EntryPoint\",\"urlTemplate\":\"https:\\\/\\\/www.dssystem-maszyny.pl\\\/en\\\/?s={search_term_string}\"},\"query-input\":{\"@type\":\"PropertyValueSpecification\",\"valueRequired\":true,\"valueName\":\"search_term_string\"}}],\"inLanguage\":\"en-US\"},{\"@type\":\"Organization\",\"@id\":\"https:\\\/\\\/www.dssystem-maszyny.pl\\\/en\\\/#organization\",\"name\":\"DS System Sp. z.o.o.\",\"alternateName\":\"DS System\",\"url\":\"https:\\\/\\\/www.dssystem-maszyny.pl\\\/en\\\/\",\"logo\":{\"@type\":\"ImageObject\",\"inLanguage\":\"en-US\",\"@id\":\"https:\\\/\\\/www.dssystem-maszyny.pl\\\/en\\\/#\\\/schema\\\/logo\\\/image\\\/\",\"url\":\"https:\\\/\\\/www.dssystem-maszyny.pl\\\/wp-content\\\/uploads\\\/2023\\\/12\\\/DS-SYSTEM-logo.png\",\"contentUrl\":\"https:\\\/\\\/www.dssystem-maszyny.pl\\\/wp-content\\\/uploads\\\/2023\\\/12\\\/DS-SYSTEM-logo.png\",\"width\":1914,\"height\":515,\"caption\":\"DS System Sp. z.o.o.\"},\"image\":{\"@id\":\"https:\\\/\\\/www.dssystem-maszyny.pl\\\/en\\\/#\\\/schema\\\/logo\\\/image\\\/\"},\"sameAs\":[\"https:\\\/\\\/www.facebook.com\\\/chwytakiprozniowe\",\"https:\\\/\\\/www.instagram.com\\\/dssystem_maszyny\",\"https:\\\/\\\/www.tiktok.com\\\/@dssystem1\"]}]}<\/script>\n<!-- \/ Yoast SEO Premium plugin. -->","yoast_head_json":{"title":"DS600 RR Glass Vacuum Gripper \u2013 DS SYSTEM","description":"DS600 RR vacuum gripper from DS SYSTEM \u2013 ideal for transporting and assembling glass panes and glass panes. Safe, efficient, easy to use","robots":{"index":"index","follow":"follow","max-snippet":"max-snippet:-1","max-image-preview":"max-image-preview:large","max-video-preview":"max-video-preview:-1"},"canonical":"https:\/\/www.dssystem-maszyny.pl\/en\/produkt\/vacuum-gripper-glass-system-ds600-rr\/","og_locale":"en_US","og_type":"article","og_title":"VACUUM GRIPPER GLASS SYSTEM DS600 RR","og_description":"DS600 RR vacuum gripper from DS SYSTEM \u2013 ideal for transporting and assembling glass panes and glass panes. Safe, efficient, easy to use","og_url":"https:\/\/www.dssystem-maszyny.pl\/en\/produkt\/vacuum-gripper-glass-system-ds600-rr\/","og_site_name":"DSSYSTEM","article_publisher":"https:\/\/www.facebook.com\/chwytakiprozniowe","article_modified_time":"2025-07-28T07:31:43+00:00","og_image":[{"width":2560,"height":1893,"url":"https:\/\/www.dssystem-maszyny.pl\/wp-content\/uploads\/2024\/02\/DS600-RR-2.jpg","type":"image\/jpeg"}],"twitter_card":"summary_large_image","twitter_misc":{"Est. reading time":"1 minute"},"schema":{"@context":"https:\/\/schema.org","@graph":[{"@type":"WebPage","@id":"https:\/\/www.dssystem-maszyny.pl\/en\/produkt\/vacuum-gripper-glass-system-ds600-rr\/","url":"https:\/\/www.dssystem-maszyny.pl\/en\/produkt\/vacuum-gripper-glass-system-ds600-rr\/","name":"DS600 RR Glass Vacuum Gripper \u2013 DS SYSTEM","isPartOf":{"@id":"https:\/\/www.dssystem-maszyny.pl\/en\/#website"},"primaryImageOfPage":{"@id":"https:\/\/www.dssystem-maszyny.pl\/en\/produkt\/vacuum-gripper-glass-system-ds600-rr\/#primaryimage"},"image":{"@id":"https:\/\/www.dssystem-maszyny.pl\/en\/produkt\/vacuum-gripper-glass-system-ds600-rr\/#primaryimage"},"thumbnailUrl":"https:\/\/www.dssystem-maszyny.pl\/wp-content\/uploads\/2024\/02\/DS600-RR-2.jpg","datePublished":"2024-02-05T22:42:04+00:00","dateModified":"2025-07-28T07:31:43+00:00","description":"DS600 RR vacuum gripper from DS SYSTEM \u2013 ideal for transporting and assembling glass panes and glass panes. Safe, efficient, easy to use","breadcrumb":{"@id":"https:\/\/www.dssystem-maszyny.pl\/en\/produkt\/vacuum-gripper-glass-system-ds600-rr\/#breadcrumb"},"inLanguage":"en-US","potentialAction":[{"@type":"ReadAction","target":["https:\/\/www.dssystem-maszyny.pl\/en\/produkt\/vacuum-gripper-glass-system-ds600-rr\/"]}]},{"@type":"ImageObject","inLanguage":"en-US","@id":"https:\/\/www.dssystem-maszyny.pl\/en\/produkt\/vacuum-gripper-glass-system-ds600-rr\/#primaryimage","url":"https:\/\/www.dssystem-maszyny.pl\/wp-content\/uploads\/2024\/02\/DS600-RR-2.jpg","contentUrl":"https:\/\/www.dssystem-maszyny.pl\/wp-content\/uploads\/2024\/02\/DS600-RR-2.jpg","width":2560,"height":1893,"caption":"chwytak pr\u00f3\u017cniowy"},{"@type":"BreadcrumbList","@id":"https:\/\/www.dssystem-maszyny.pl\/en\/produkt\/vacuum-gripper-glass-system-ds600-rr\/#breadcrumb","itemListElement":[{"@type":"ListItem","position":1,"name":"Home","item":"https:\/\/www.dssystem-maszyny.pl\/en\/chwytaki-prozniowe\/"},{"@type":"ListItem","position":2,"name":"Produkty","item":"https:\/\/www.dssystem-maszyny.pl\/produkty\/"},{"@type":"ListItem","position":3,"name":"VACUUM GRIPPER GLASS SYSTEM DS600 RR"}]},{"@type":"WebSite","@id":"https:\/\/www.dssystem-maszyny.pl\/en\/#website","url":"https:\/\/www.dssystem-maszyny.pl\/en\/","name":"DSSYSTEM","description":"DS SYSTEM producent maszyn - pr\u00f3\u017cniowe chwytaki do szk\u0142a, drewna i p\u0142yty warstwowej, konstrukcje stalowe.","publisher":{"@id":"https:\/\/www.dssystem-maszyny.pl\/en\/#organization"},"potentialAction":[{"@type":"SearchAction","target":{"@type":"EntryPoint","urlTemplate":"https:\/\/www.dssystem-maszyny.pl\/en\/?s={search_term_string}"},"query-input":{"@type":"PropertyValueSpecification","valueRequired":true,"valueName":"search_term_string"}}],"inLanguage":"en-US"},{"@type":"Organization","@id":"https:\/\/www.dssystem-maszyny.pl\/en\/#organization","name":"DS System Sp. z.o.o.","alternateName":"DS System","url":"https:\/\/www.dssystem-maszyny.pl\/en\/","logo":{"@type":"ImageObject","inLanguage":"en-US","@id":"https:\/\/www.dssystem-maszyny.pl\/en\/#\/schema\/logo\/image\/","url":"https:\/\/www.dssystem-maszyny.pl\/wp-content\/uploads\/2023\/12\/DS-SYSTEM-logo.png","contentUrl":"https:\/\/www.dssystem-maszyny.pl\/wp-content\/uploads\/2023\/12\/DS-SYSTEM-logo.png","width":1914,"height":515,"caption":"DS System Sp. z.o.o."},"image":{"@id":"https:\/\/www.dssystem-maszyny.pl\/en\/#\/schema\/logo\/image\/"},"sameAs":["https:\/\/www.facebook.com\/chwytakiprozniowe","https:\/\/www.instagram.com\/dssystem_maszyny","https:\/\/www.tiktok.com\/@dssystem1"]}]}},"_links":{"self":[{"href":"https:\/\/www.dssystem-maszyny.pl\/en\/wp-json\/wp\/v2\/product\/7438","targetHints":{"allow":["GET"]}}],"collection":[{"href":"https:\/\/www.dssystem-maszyny.pl\/en\/wp-json\/wp\/v2\/product"}],"about":[{"href":"https:\/\/www.dssystem-maszyny.pl\/en\/wp-json\/wp\/v2\/types\/product"}],"wp:featuredmedia":[{"embeddable":true,"href":"https:\/\/www.dssystem-maszyny.pl\/en\/wp-json\/wp\/v2\/media\/8908"}],"wp:attachment":[{"href":"https:\/\/www.dssystem-maszyny.pl\/en\/wp-json\/wp\/v2\/media?parent=7438"}],"wp:term":[{"taxonomy":"product_brand","embeddable":true,"href":"https:\/\/www.dssystem-maszyny.pl\/en\/wp-json\/wp\/v2\/product_brand?post=7438"},{"taxonomy":"product_cat","embeddable":true,"href":"https:\/\/www.dssystem-maszyny.pl\/en\/wp-json\/wp\/v2\/product_cat?post=7438"},{"taxonomy":"product_tag","embeddable":true,"href":"https:\/\/www.dssystem-maszyny.pl\/en\/wp-json\/wp\/v2\/product_tag?post=7438"}],"curies":[{"name":"wp","href":"https:\/\/api.w.org\/{rel}","templated":true}]}}