{"id":7415,"date":"2024-02-07T18:59:13","date_gmt":"2024-02-07T18:59:13","guid":{"rendered":"https:\/\/www.dssystem-maszyny.pl\/produkt\/vacuum-gripper-steel-system-up300-xl\/"},"modified":"2026-02-02T10:51:24","modified_gmt":"2026-02-02T10:51:24","slug":"chwytak-prozniowy-steel-system-up300-xl","status":"publish","type":"product","link":"https:\/\/www.dssystem-maszyny.pl\/en\/produkt\/chwytak-prozniowy-steel-system-up300-xl\/","title":{"rendered":"VACUUM GRIPPER STEEL SYSTEM UP300 XL"},"content":{"rendered":"<p>The device allows you to remove small parts from the machining table. even in places where a magnet cannot be used. <\/p>\n<p>Compatible with all lifting equipment.<\/p>\n","protected":false},"excerpt":{"rendered":"<p>Recommended for use with a plasma plotter.<\/p>\n","protected":false},"featured_media":8878,"template":"","meta":[],"product_brand":[],"product_cat":[396],"product_tag":[],"class_list":{"0":"post-7415","1":"product","2":"type-product","3":"status-publish","4":"has-post-thumbnail","6":"product_cat-sheet","7":"ts_product_brand-dssystem-en","9":"first","10":"instock","11":"shipping-taxable","12":"product-type-simple"},"yoast_head":"<!-- This site is optimized with the Yoast SEO Premium plugin v20.12 (Yoast SEO v27.4) - https:\/\/yoast.com\/product\/yoast-seo-premium-wordpress\/ -->\n<title>UP300 XL Glass Vacuum Gripper \u2013 DS SYSTEM<\/title>\n<meta name=\"description\" content=\"Vacuum gripper UP300 XL for glass, panels and steel. Lifting capacity 350 kg, radio control. Order from DS SYSTEM \u2013 professional solutions for the assembly industry!\" \/>\n<meta name=\"robots\" content=\"index, follow, max-snippet:-1, max-image-preview:large, max-video-preview:-1\" \/>\n<link rel=\"canonical\" href=\"https:\/\/www.dssystem-maszyny.pl\/en\/produkt\/chwytak-prozniowy-steel-system-up300-xl\/\" \/>\n<meta property=\"og:locale\" content=\"en_US\" \/>\n<meta property=\"og:type\" content=\"article\" \/>\n<meta property=\"og:title\" content=\"VACUUM GRIPPER STEEL SYSTEM UP300 XL\" \/>\n<meta property=\"og:description\" content=\"Vacuum gripper UP300 XL for glass, panels and steel. Lifting capacity 350 kg, radio control. Order from DS SYSTEM \u2013 professional solutions for the assembly industry!\" \/>\n<meta property=\"og:url\" content=\"https:\/\/www.dssystem-maszyny.pl\/en\/produkt\/chwytak-prozniowy-steel-system-up300-xl\/\" \/>\n<meta property=\"og:site_name\" content=\"DSSYSTEM\" \/>\n<meta property=\"article:publisher\" content=\"https:\/\/www.facebook.com\/chwytakiprozniowe\" \/>\n<meta property=\"article:modified_time\" content=\"2026-02-02T10:51:24+00:00\" \/>\n<meta property=\"og:image\" content=\"https:\/\/www.dssystem-maszyny.pl\/wp-content\/uploads\/2024\/02\/20240119_101230-scaled-1.jpg\" \/>\n\t<meta property=\"og:image:width\" content=\"2560\" \/>\n\t<meta property=\"og:image:height\" content=\"1920\" \/>\n\t<meta property=\"og:image:type\" content=\"image\/jpeg\" \/>\n<meta name=\"twitter:card\" content=\"summary_large_image\" \/>\n<meta name=\"twitter:label1\" content=\"Est. reading time\" \/>\n\t<meta name=\"twitter:data1\" content=\"1 minute\" \/>\n<script type=\"application\/ld+json\" class=\"yoast-schema-graph\">{\"@context\":\"https:\\\/\\\/schema.org\",\"@graph\":[{\"@type\":\"WebPage\",\"@id\":\"https:\\\/\\\/www.dssystem-maszyny.pl\\\/en\\\/produkt\\\/chwytak-prozniowy-steel-system-up300-xl\\\/\",\"url\":\"https:\\\/\\\/www.dssystem-maszyny.pl\\\/en\\\/produkt\\\/chwytak-prozniowy-steel-system-up300-xl\\\/\",\"name\":\"UP300 XL Glass Vacuum Gripper \u2013 DS SYSTEM\",\"isPartOf\":{\"@id\":\"https:\\\/\\\/www.dssystem-maszyny.pl\\\/en\\\/#website\"},\"primaryImageOfPage\":{\"@id\":\"https:\\\/\\\/www.dssystem-maszyny.pl\\\/en\\\/produkt\\\/chwytak-prozniowy-steel-system-up300-xl\\\/#primaryimage\"},\"image\":{\"@id\":\"https:\\\/\\\/www.dssystem-maszyny.pl\\\/en\\\/produkt\\\/chwytak-prozniowy-steel-system-up300-xl\\\/#primaryimage\"},\"thumbnailUrl\":\"https:\\\/\\\/www.dssystem-maszyny.pl\\\/wp-content\\\/uploads\\\/2024\\\/02\\\/20240119_101230-scaled-1.jpg\",\"datePublished\":\"2024-02-07T18:59:13+00:00\",\"dateModified\":\"2026-02-02T10:51:24+00:00\",\"description\":\"Vacuum gripper UP300 XL for glass, panels and steel. Lifting capacity 350 kg, radio control. Order from DS SYSTEM \u2013 professional solutions for the assembly industry!\",\"breadcrumb\":{\"@id\":\"https:\\\/\\\/www.dssystem-maszyny.pl\\\/en\\\/produkt\\\/chwytak-prozniowy-steel-system-up300-xl\\\/#breadcrumb\"},\"inLanguage\":\"en-US\",\"potentialAction\":[{\"@type\":\"ReadAction\",\"target\":[\"https:\\\/\\\/www.dssystem-maszyny.pl\\\/en\\\/produkt\\\/chwytak-prozniowy-steel-system-up300-xl\\\/\"]}]},{\"@type\":\"ImageObject\",\"inLanguage\":\"en-US\",\"@id\":\"https:\\\/\\\/www.dssystem-maszyny.pl\\\/en\\\/produkt\\\/chwytak-prozniowy-steel-system-up300-xl\\\/#primaryimage\",\"url\":\"https:\\\/\\\/www.dssystem-maszyny.pl\\\/wp-content\\\/uploads\\\/2024\\\/02\\\/20240119_101230-scaled-1.jpg\",\"contentUrl\":\"https:\\\/\\\/www.dssystem-maszyny.pl\\\/wp-content\\\/uploads\\\/2024\\\/02\\\/20240119_101230-scaled-1.jpg\",\"width\":2560,\"height\":1920,\"caption\":\"steel system\"},{\"@type\":\"BreadcrumbList\",\"@id\":\"https:\\\/\\\/www.dssystem-maszyny.pl\\\/en\\\/produkt\\\/chwytak-prozniowy-steel-system-up300-xl\\\/#breadcrumb\",\"itemListElement\":[{\"@type\":\"ListItem\",\"position\":1,\"name\":\"Home\",\"item\":\"https:\\\/\\\/www.dssystem-maszyny.pl\\\/en\\\/chwytaki-prozniowe\\\/\"},{\"@type\":\"ListItem\",\"position\":2,\"name\":\"Produkty\",\"item\":\"https:\\\/\\\/www.dssystem-maszyny.pl\\\/produkty\\\/\"},{\"@type\":\"ListItem\",\"position\":3,\"name\":\"VACUUM GRIPPER STEEL SYSTEM UP300 XL\"}]},{\"@type\":\"WebSite\",\"@id\":\"https:\\\/\\\/www.dssystem-maszyny.pl\\\/en\\\/#website\",\"url\":\"https:\\\/\\\/www.dssystem-maszyny.pl\\\/en\\\/\",\"name\":\"DSSYSTEM\",\"description\":\"DS SYSTEM producent maszyn - pr\u00f3\u017cniowe chwytaki do szk\u0142a, drewna i p\u0142yty warstwowej, konstrukcje stalowe.\",\"publisher\":{\"@id\":\"https:\\\/\\\/www.dssystem-maszyny.pl\\\/en\\\/#organization\"},\"potentialAction\":[{\"@type\":\"SearchAction\",\"target\":{\"@type\":\"EntryPoint\",\"urlTemplate\":\"https:\\\/\\\/www.dssystem-maszyny.pl\\\/en\\\/?s={search_term_string}\"},\"query-input\":{\"@type\":\"PropertyValueSpecification\",\"valueRequired\":true,\"valueName\":\"search_term_string\"}}],\"inLanguage\":\"en-US\"},{\"@type\":\"Organization\",\"@id\":\"https:\\\/\\\/www.dssystem-maszyny.pl\\\/en\\\/#organization\",\"name\":\"DS System Sp. z.o.o.\",\"alternateName\":\"DS System\",\"url\":\"https:\\\/\\\/www.dssystem-maszyny.pl\\\/en\\\/\",\"logo\":{\"@type\":\"ImageObject\",\"inLanguage\":\"en-US\",\"@id\":\"https:\\\/\\\/www.dssystem-maszyny.pl\\\/en\\\/#\\\/schema\\\/logo\\\/image\\\/\",\"url\":\"https:\\\/\\\/www.dssystem-maszyny.pl\\\/wp-content\\\/uploads\\\/2023\\\/12\\\/DS-SYSTEM-logo.png\",\"contentUrl\":\"https:\\\/\\\/www.dssystem-maszyny.pl\\\/wp-content\\\/uploads\\\/2023\\\/12\\\/DS-SYSTEM-logo.png\",\"width\":1914,\"height\":515,\"caption\":\"DS System Sp. z.o.o.\"},\"image\":{\"@id\":\"https:\\\/\\\/www.dssystem-maszyny.pl\\\/en\\\/#\\\/schema\\\/logo\\\/image\\\/\"},\"sameAs\":[\"https:\\\/\\\/www.facebook.com\\\/chwytakiprozniowe\",\"https:\\\/\\\/www.instagram.com\\\/dssystem_maszyny\",\"https:\\\/\\\/www.tiktok.com\\\/@dssystem1\"]}]}<\/script>\n<!-- \/ Yoast SEO Premium plugin. -->","yoast_head_json":{"title":"UP300 XL Glass Vacuum Gripper \u2013 DS SYSTEM","description":"Vacuum gripper UP300 XL for glass, panels and steel. Lifting capacity 350 kg, radio control. Order from DS SYSTEM \u2013 professional solutions for the assembly industry!","robots":{"index":"index","follow":"follow","max-snippet":"max-snippet:-1","max-image-preview":"max-image-preview:large","max-video-preview":"max-video-preview:-1"},"canonical":"https:\/\/www.dssystem-maszyny.pl\/en\/produkt\/chwytak-prozniowy-steel-system-up300-xl\/","og_locale":"en_US","og_type":"article","og_title":"VACUUM GRIPPER STEEL SYSTEM UP300 XL","og_description":"Vacuum gripper UP300 XL for glass, panels and steel. Lifting capacity 350 kg, radio control. Order from DS SYSTEM \u2013 professional solutions for the assembly industry!","og_url":"https:\/\/www.dssystem-maszyny.pl\/en\/produkt\/chwytak-prozniowy-steel-system-up300-xl\/","og_site_name":"DSSYSTEM","article_publisher":"https:\/\/www.facebook.com\/chwytakiprozniowe","article_modified_time":"2026-02-02T10:51:24+00:00","og_image":[{"width":2560,"height":1920,"url":"https:\/\/www.dssystem-maszyny.pl\/wp-content\/uploads\/2024\/02\/20240119_101230-scaled-1.jpg","type":"image\/jpeg"}],"twitter_card":"summary_large_image","twitter_misc":{"Est. reading time":"1 minute"},"schema":{"@context":"https:\/\/schema.org","@graph":[{"@type":"WebPage","@id":"https:\/\/www.dssystem-maszyny.pl\/en\/produkt\/chwytak-prozniowy-steel-system-up300-xl\/","url":"https:\/\/www.dssystem-maszyny.pl\/en\/produkt\/chwytak-prozniowy-steel-system-up300-xl\/","name":"UP300 XL Glass Vacuum Gripper \u2013 DS SYSTEM","isPartOf":{"@id":"https:\/\/www.dssystem-maszyny.pl\/en\/#website"},"primaryImageOfPage":{"@id":"https:\/\/www.dssystem-maszyny.pl\/en\/produkt\/chwytak-prozniowy-steel-system-up300-xl\/#primaryimage"},"image":{"@id":"https:\/\/www.dssystem-maszyny.pl\/en\/produkt\/chwytak-prozniowy-steel-system-up300-xl\/#primaryimage"},"thumbnailUrl":"https:\/\/www.dssystem-maszyny.pl\/wp-content\/uploads\/2024\/02\/20240119_101230-scaled-1.jpg","datePublished":"2024-02-07T18:59:13+00:00","dateModified":"2026-02-02T10:51:24+00:00","description":"Vacuum gripper UP300 XL for glass, panels and steel. Lifting capacity 350 kg, radio control. Order from DS SYSTEM \u2013 professional solutions for the assembly industry!","breadcrumb":{"@id":"https:\/\/www.dssystem-maszyny.pl\/en\/produkt\/chwytak-prozniowy-steel-system-up300-xl\/#breadcrumb"},"inLanguage":"en-US","potentialAction":[{"@type":"ReadAction","target":["https:\/\/www.dssystem-maszyny.pl\/en\/produkt\/chwytak-prozniowy-steel-system-up300-xl\/"]}]},{"@type":"ImageObject","inLanguage":"en-US","@id":"https:\/\/www.dssystem-maszyny.pl\/en\/produkt\/chwytak-prozniowy-steel-system-up300-xl\/#primaryimage","url":"https:\/\/www.dssystem-maszyny.pl\/wp-content\/uploads\/2024\/02\/20240119_101230-scaled-1.jpg","contentUrl":"https:\/\/www.dssystem-maszyny.pl\/wp-content\/uploads\/2024\/02\/20240119_101230-scaled-1.jpg","width":2560,"height":1920,"caption":"steel system"},{"@type":"BreadcrumbList","@id":"https:\/\/www.dssystem-maszyny.pl\/en\/produkt\/chwytak-prozniowy-steel-system-up300-xl\/#breadcrumb","itemListElement":[{"@type":"ListItem","position":1,"name":"Home","item":"https:\/\/www.dssystem-maszyny.pl\/en\/chwytaki-prozniowe\/"},{"@type":"ListItem","position":2,"name":"Produkty","item":"https:\/\/www.dssystem-maszyny.pl\/produkty\/"},{"@type":"ListItem","position":3,"name":"VACUUM GRIPPER STEEL SYSTEM UP300 XL"}]},{"@type":"WebSite","@id":"https:\/\/www.dssystem-maszyny.pl\/en\/#website","url":"https:\/\/www.dssystem-maszyny.pl\/en\/","name":"DSSYSTEM","description":"DS SYSTEM producent maszyn - pr\u00f3\u017cniowe chwytaki do szk\u0142a, drewna i p\u0142yty warstwowej, konstrukcje stalowe.","publisher":{"@id":"https:\/\/www.dssystem-maszyny.pl\/en\/#organization"},"potentialAction":[{"@type":"SearchAction","target":{"@type":"EntryPoint","urlTemplate":"https:\/\/www.dssystem-maszyny.pl\/en\/?s={search_term_string}"},"query-input":{"@type":"PropertyValueSpecification","valueRequired":true,"valueName":"search_term_string"}}],"inLanguage":"en-US"},{"@type":"Organization","@id":"https:\/\/www.dssystem-maszyny.pl\/en\/#organization","name":"DS System Sp. z.o.o.","alternateName":"DS System","url":"https:\/\/www.dssystem-maszyny.pl\/en\/","logo":{"@type":"ImageObject","inLanguage":"en-US","@id":"https:\/\/www.dssystem-maszyny.pl\/en\/#\/schema\/logo\/image\/","url":"https:\/\/www.dssystem-maszyny.pl\/wp-content\/uploads\/2023\/12\/DS-SYSTEM-logo.png","contentUrl":"https:\/\/www.dssystem-maszyny.pl\/wp-content\/uploads\/2023\/12\/DS-SYSTEM-logo.png","width":1914,"height":515,"caption":"DS System Sp. z.o.o."},"image":{"@id":"https:\/\/www.dssystem-maszyny.pl\/en\/#\/schema\/logo\/image\/"},"sameAs":["https:\/\/www.facebook.com\/chwytakiprozniowe","https:\/\/www.instagram.com\/dssystem_maszyny","https:\/\/www.tiktok.com\/@dssystem1"]}]}},"_links":{"self":[{"href":"https:\/\/www.dssystem-maszyny.pl\/en\/wp-json\/wp\/v2\/product\/7415","targetHints":{"allow":["GET"]}}],"collection":[{"href":"https:\/\/www.dssystem-maszyny.pl\/en\/wp-json\/wp\/v2\/product"}],"about":[{"href":"https:\/\/www.dssystem-maszyny.pl\/en\/wp-json\/wp\/v2\/types\/product"}],"wp:featuredmedia":[{"embeddable":true,"href":"https:\/\/www.dssystem-maszyny.pl\/en\/wp-json\/wp\/v2\/media\/8878"}],"wp:attachment":[{"href":"https:\/\/www.dssystem-maszyny.pl\/en\/wp-json\/wp\/v2\/media?parent=7415"}],"wp:term":[{"taxonomy":"product_brand","embeddable":true,"href":"https:\/\/www.dssystem-maszyny.pl\/en\/wp-json\/wp\/v2\/product_brand?post=7415"},{"taxonomy":"product_cat","embeddable":true,"href":"https:\/\/www.dssystem-maszyny.pl\/en\/wp-json\/wp\/v2\/product_cat?post=7415"},{"taxonomy":"product_tag","embeddable":true,"href":"https:\/\/www.dssystem-maszyny.pl\/en\/wp-json\/wp\/v2\/product_tag?post=7415"}],"curies":[{"name":"wp","href":"https:\/\/api.w.org\/{rel}","templated":true}]}}