{"id":9246,"date":"2024-02-07T17:33:35","date_gmt":"2024-02-07T17:33:35","guid":{"rendered":"https:\/\/www.dssystem-maszyny.pl\/produkt\/vakuove-chapadlo-dreveny-system-ds250-400kg\/"},"modified":"2025-11-20T09:02:05","modified_gmt":"2025-11-20T09:02:05","slug":"wood-system-ds-250-6p","status":"publish","type":"product","link":"https:\/\/www.dssystem-maszyny.pl\/cs\/produkt\/wood-system-ds-250-6p\/","title":{"rendered":"VAKUOV\u00c9 CHAPADLO D\u0158EV\u011aN\u00dd SYST\u00c9M DS250 400KG"},"content":{"rendered":"<p><b><div class=\"wptb-container-legacy\" data-table-id=\"7128\">\n    <table class=\"wptb-preview-table wptb-element-main-table_setting-7128\" style=\"border-spacing: 17px 3px; border-collapse: collapse !important; min-width: 946px; border: 0px solid ; \" data-border-spacing-columns=\"17\" data-border-spacing-rows=\"3\" data-reconstraction=\"1\" data-wptb-table-directives=\"eyJpbm5lckJvcmRlcnMiOnsiYWN0aXZlIjoiYWxsIiwiYm9yZGVyV2lkdGgiOjEsImJvcmRlclJhZGl1c2VzIjp7ImFsbCI6MCwicm93IjowLCJjb2x1bW4iOjB9fX0=\" data-wptb-responsive-directives=\"eyJyZXNwb25zaXZlRW5hYmxlZCI6dHJ1ZSwicmVzcG9uc2l2ZU1vZGUiOiJhdXRvIiwicmVsYXRpdmVXaWR0aCI6IndpbmRvdyIsInByZXNlcnZlUm93Q29sb3IiOmZhbHNlLCJoZWFkZXJGdWxseU1lcmdlZCI6ZmFsc2UsImJyZWFrcG9pbnRzIjp7ImRlc2t0b3AiOnsibmFtZSI6ImRlc2t0b3AiLCJ3aWR0aCI6MTAyNH0sInRhYmxldCI6eyJuYW1lIjoidGFibGV0Iiwid2lkdGgiOjcwMH0sIm1vYmlsZSI6eyJuYW1lIjoibW9iaWxlIiwid2lkdGgiOjMwMH19LCJtb2RlT3B0aW9ucyI6eyJhdXRvIjp7ImRpc2FibGVkIjp7ImRlc2t0b3AiOmZhbHNlLCJ0YWJsZXQiOmZhbHNlLCJtb2JpbGUiOmZhbHNlfSwidG9wUm93QXNIZWFkZXIiOnsiZGVza3RvcCI6ZmFsc2UsInRhYmxldCI6dHJ1ZSwibW9iaWxlIjp0cnVlfSwicmVwZWF0TWVyZ2VkSGVhZGVyIjp7ImRlc2t0b3AiOnRydWUsInRhYmxldCI6dHJ1ZSwibW9iaWxlIjp0cnVlfSwic3RhdGljVG9wUm93Ijp7ImRlc2t0b3AiOmZhbHNlLCJ0YWJsZXQiOmZhbHNlLCJtb2JpbGUiOmZhbHNlfSwiY2VsbFN0YWNrRGlyZWN0aW9uIjp7ImRlc2t0b3AiOiJyb3ciLCJ0YWJsZXQiOiJyb3ciLCJtb2JpbGUiOiJyb3cifSwiY2VsbHNQZXJSb3ciOnsiZGVza3RvcCI6MSwidGFibGV0IjoxLCJtb2JpbGUiOjF9fX19\" data-wptb-cells-width-auto-count=\"7\" data-wptb-apply-table-container-max-width=\"1\" data-wptb-table-container-max-width=\"850\" data-wptb-horizontal-scroll-status=\"1\" data-wptb-extra-styles=\"LyogRW50ZXIgeW91ciBjdXN0b20gQ1NTIHJ1bGVzIGhlcmUgKi8=\" data-wptb-pro-pagination-top-row-header=\"false\" data-wptb-rows-per-page=\"10\" data-wptb-pro-search-top-row-header=\"false\" data-wptb-searchbar-position=\"left\" role=\"table\" data-table-columns=\"7\" data-wptb-table-alignment=\"left\" data-wptb-td-width-auto=\"134\" data-wptb-table-tds-sum-max-width=\"946\" data-wptb-header-background-color=\"rgb(255, 255, 255)\" data-wptb-even-row-background-color=\"rgb(255, 255, 255)\" data-wptb-odd-row-background-color=\"rgb(255, 255, 255)\" ><tbody data-global-font-size=\"15\" ><tr  class=\"wptb-row \" style=\"background-color: rgb(255, 255, 255); \"><td class=\"wptb-cell \" colspan=\"1\" rowspan=\"1\" style=\"padding: 0px; background-color: rgb(255, 255, 255); border-width: 1px; border-color: #000; border-style: solid; border-radius: 0px; \" data-y-index=\"0\" data-x-index=\"0\" data-wptb-css-td-auto-width=\"true\" data-wptb-css-td-auto-height=\"true\" data-wptb-cell-vertical-alignment=\"center\" ><div class=\"wptb-list-container wptb-ph-element wptb-element-list-1\" style=\"\"><ul><\/ul><\/div><div class=\"wptb-text-container wptb-ph-element wptb-element-text-597\" style=\"color: rgb(0, 0, 0); font-size: 15px; padding: 0px; margin: 0px; \"><div style=\"position: relative;\"><p style=\"text-align: center;\"><strong>Sterowanie radiowe spod kciuka<\/strong><\/p><\/div><\/div><\/td><td class=\"wptb-cell \" colspan=\"1\" rowspan=\"1\" style=\"padding: 0px; background-color: rgb(255, 255, 255); border-width: 1px; border-color: #000; border-style: solid; border-radius: 0px; \" data-y-index=\"0\" data-x-index=\"1\" data-wptb-css-td-auto-width=\"true\" data-wptb-css-td-auto-height=\"true\" data-wptb-cell-vertical-alignment=\"center\" ><div class=\"wptb-text-container wptb-ph-element wptb-element-text-598\" style=\"color: rgb(0, 0, 0); font-size: 15px; padding: 0px; margin: 0px; \"><div style=\"position: relative;\"><p style=\"text-align: center;\"><strong>Kompatybilne z wszelkimi \u017curawiami<\/strong><\/p><\/div><\/div><\/td><td class=\"wptb-cell \" colspan=\"1\" rowspan=\"1\" style=\"padding: 0px; background-color: rgb(255, 255, 255); border-width: 1px; border-color: #000; border-style: solid; border-radius: 0px; \" data-y-index=\"0\" data-x-index=\"2\" data-wptb-css-td-auto-width=\"true\" data-wptb-css-td-auto-height=\"true\" data-wptb-cell-vertical-alignment=\"center\" ><div class=\"wptb-text-container wptb-ph-element wptb-element-text-599\" style=\"color: rgb(0, 0, 0); font-size: 15px; padding: 0px; margin: 0px; \"><div style=\"position: relative;\"><p style=\"text-align: center;\"><strong>Dowolna konfiguracja<\/strong><\/p><\/div><\/div><\/td><td class=\"wptb-cell \" colspan=\"1\" rowspan=\"1\" style=\"padding: 0px; background-color: rgb(255, 255, 255); border-width: 1px; border-color: #000; border-style: solid; border-radius: 0px; \" data-y-index=\"0\" data-x-index=\"3\" data-wptb-css-td-auto-width=\"true\" data-wptb-css-td-auto-height=\"true\" data-wptb-cell-vertical-alignment=\"center\" ><div class=\"wptb-text-container wptb-ph-element wptb-element-text-600\" style=\"color: rgb(0, 0, 0); font-size: 15px; padding: 0px; margin: 0px; \"><div style=\"position: relative;\"><p style=\"text-align: center;\"><strong>Bezp\u0142atne szkolenie operator\u00f3w<\/strong><\/p><\/div><\/div><\/td><td class=\"wptb-cell \" colspan=\"1\" rowspan=\"1\" style=\"padding: 0px; background-color: rgb(255, 255, 255); border-width: 1px; border-color: #000; border-style: solid; border-radius: 0px; \" data-y-index=\"0\" data-x-index=\"4\" data-wptb-css-td-auto-width=\"true\" data-wptb-css-td-auto-height=\"true\" data-wptb-cell-vertical-alignment=\"center\" ><div class=\"wptb-text-container wptb-ph-element wptb-element-text-601\" style=\"color: rgb(0, 0, 0); font-size: 15px; padding: 0px; margin: 0px; \"><div style=\"position: relative;\"><p style=\"text-align: center;\"><strong>System szybkiego odk\u0142adania materia\u0142u<\/strong><\/p><\/div><\/div><\/td><td class=\"wptb-cell \" colspan=\"1\" rowspan=\"1\" style=\"padding: 0px; background-color: rgb(255, 255, 255); border-width: 1px; border-color: #000; border-style: solid; border-radius: 0px; \" data-y-index=\"0\" data-x-index=\"5\" data-wptb-css-td-auto-width=\"true\" data-wptb-css-td-auto-height=\"true\" data-wptb-cell-vertical-alignment=\"center\" ><div class=\"wptb-text-container wptb-ph-element wptb-element-text-602\" style=\"color: rgb(0, 0, 0); font-size: 15px; padding: 0px; margin: 0px; \"><div style=\"position: relative;\"><p style=\"text-align: center;\"><strong>Darmowa dostawa na terenie Polski<\/strong><\/p><\/div><\/div><\/td><td class=\"wptb-cell \" colspan=\"1\" rowspan=\"1\" style=\"padding: 0px; background-color: rgb(255, 255, 255); border-width: 1px; border-color: #000; border-style: solid; border-radius: 0px; \" data-y-index=\"0\" data-x-index=\"6\" data-wptb-css-td-auto-width=\"true\" data-wptb-css-td-auto-height=\"true\" data-wptb-cell-vertical-alignment=\"center\" ><div class=\"wptb-text-container wptb-ph-element wptb-element-text-603\" style=\"color: rgb(0, 0, 0); font-size: 15px; padding: 0px; margin: 0px; \"><div style=\"position: relative;\"><p style=\"text-align: center;\"><strong>Opieka serwisowa<\/strong><\/p><\/div><\/div><\/td><\/tr><\/tbody><\/table>\n<\/div>\n<\/b><\/p>\n<p><b><br \/>\n<\/b><b><br \/>\n<\/b><b>Vakuov\u00e9 chapadlo<\/b><span style=\"font-weight: 400\"> je ur\u010deno pro p\u0159epravu <\/span><b>desek podobn\u00fdch d\u0159evu<\/b><span style=\"font-weight: 400\">, mezi kter\u00e9 pat\u0159\u00ed laminovan\u00e9 n\u00e1bytkov\u00e9 desky, d\u0159evot\u0159\u00edskov\u00e9 desky, OSB desky, MDF desky a mnoho dal\u0161\u00edch. <\/span> <span style=\"font-weight: 400\">Za\u0159\u00edzen\u00ed umo\u017e\u0148uje nakl\u00e1dat materi\u00e1l na st\u016fl panelov\u00e9 pily, co\u017e je skv\u011bl\u00fd pomocn\u00edk v truhl\u00e1\u0159sk\u00e9 d\u00edln\u011b. M\u016f\u017ee\u0161   <\/span><b>efektivn\u00ed<\/b><span style=\"font-weight: 400\"> a <\/span><b>bezpe\u010dn\u00e1<\/b><span style=\"font-weight: 400\"> p\u0159eprava desek, co\u017e \u0161et\u0159\u00ed <\/span><b>pen\u00edze<\/b><span style=\"font-weight: 400\"> <\/span><b>\u010cas<\/b><span style=\"font-weight: 400\"> a <\/span><b>pen\u00edze<\/b><span style=\"font-weight: 400\">. Chapadlo je velmi  <\/span><b>snadno<\/b><span style=\"font-weight: 400\"> pou\u017eiteln\u00fd a nevy\u017eaduje <\/span><b>dal\u0161\u00ed opr\u00e1vn\u011bn\u00ed<\/b><span style=\"font-weight: 400\"> k jeho pou\u017eit\u00ed. <\/span><span style=\"font-weight: 400\">Za\u0159\u00edzen\u00ed m\u016f\u017ee b\u00fdt vybaveno pneumatick\u00fdm vertik\u00e1ln\u011b-horizont\u00e1ln\u00edm oto\u010dn\u00fdm pohonem a tak\u00e9 p\u0159\u00edm\u00fdm nap\u00e1jen\u00edm elekt\u0159inou nebo stla\u010den\u00fdm vzduchem. <\/span> <\/p>\n","protected":false},"excerpt":{"rendered":"<p>Vakuov\u00e9 chapadlo je ur\u010deno pro p\u0159epravu desek podobn\u00fdch d\u0159evu, mezi kter\u00e9 pat\u0159\u00ed laminovan\u00e9 n\u00e1bytkov\u00e9 desky, d\u0159evot\u0159\u00edskov\u00e9 desky, OSB desky, MDF desky a mnoho dal\u0161\u00edch. Za\u0159\u00edzen\u00ed umo\u017e\u0148uje nakl\u00e1dat materi\u00e1l na st\u016fl panelov\u00e9 pily, co\u017e je skv\u011bl\u00fd pomocn\u00edk v truhl\u00e1\u0159sk\u00e9 d\u00edln\u011b. M\u016f\u017ee\u0161 efektivn\u00ed a bezpe\u010dn\u00e1 p\u0159eprava desek, co\u017e \u0161et\u0159\u00ed pen\u00edze \u010cas a pen\u00edze. Chapadlo je velmi snadno [&hellip;]<\/p>\n","protected":false},"featured_media":9250,"template":"","meta":[],"product_brand":[],"product_cat":[538,525,524],"product_tag":[],"class_list":{"0":"post-9246","1":"product","2":"type-product","3":"status-publish","4":"has-post-thumbnail","6":"product_cat-karton-sadrokarton","7":"product_cat-nabytkove-desky","8":"product_cat-vakuova-chapadla","9":"ts_product_brand-spolecnost-dssystem","11":"first","12":"instock","13":"shipping-taxable","14":"product-type-simple"},"yoast_head":"<!-- This site is optimized with the Yoast SEO Premium plugin v20.12 (Yoast SEO v27.6) - https:\/\/yoast.com\/product\/yoast-seo-premium-wordpress\/ -->\n<title>VAKUOV\u00c9 CHAPADLO D\u0158EV\u011aN\u00dd SYST\u00c9M DS250 400KG - DSSYSTEM<\/title>\n<meta name=\"robots\" content=\"index, follow, max-snippet:-1, max-image-preview:large, max-video-preview:-1\" \/>\n<link rel=\"canonical\" href=\"https:\/\/www.dssystem-maszyny.pl\/cs\/produkt\/wood-system-ds-250-6p\/\" \/>\n<meta property=\"og:locale\" content=\"cs_CZ\" \/>\n<meta property=\"og:type\" content=\"article\" \/>\n<meta property=\"og:title\" content=\"VAKUOV\u00c9 CHAPADLO D\u0158EV\u011aN\u00dd SYST\u00c9M DS250 400KG\" \/>\n<meta property=\"og:description\" content=\"Vakuov\u00e9 chapadlo je ur\u010deno pro p\u0159epravu desek podobn\u00fdch d\u0159evu, mezi kter\u00e9 pat\u0159\u00ed laminovan\u00e9 n\u00e1bytkov\u00e9 desky, d\u0159evot\u0159\u00edskov\u00e9 desky, OSB desky, MDF desky a mnoho dal\u0161\u00edch. Za\u0159\u00edzen\u00ed umo\u017e\u0148uje nakl\u00e1dat materi\u00e1l na st\u016fl panelov\u00e9 pily, co\u017e je skv\u011bl\u00fd pomocn\u00edk v truhl\u00e1\u0159sk\u00e9 d\u00edln\u011b. M\u016f\u017ee\u0161 efektivn\u00ed a bezpe\u010dn\u00e1 p\u0159eprava desek, co\u017e \u0161et\u0159\u00ed pen\u00edze \u010cas a pen\u00edze. Chapadlo je velmi snadno [&hellip;]\" \/>\n<meta property=\"og:url\" content=\"https:\/\/www.dssystem-maszyny.pl\/cs\/produkt\/wood-system-ds-250-6p\/\" \/>\n<meta property=\"og:site_name\" content=\"DSSYSTEM\" \/>\n<meta property=\"article:publisher\" content=\"https:\/\/www.facebook.com\/chwytakiprozniowe\" \/>\n<meta property=\"article:modified_time\" content=\"2025-11-20T09:02:05+00:00\" \/>\n<meta property=\"og:image\" content=\"https:\/\/www.dssystem-maszyny.pl\/wp-content\/uploads\/2024\/02\/DS250-silownik3-1024x576.jpg\" \/>\n\t<meta property=\"og:image:width\" content=\"1024\" \/>\n\t<meta property=\"og:image:height\" content=\"576\" \/>\n\t<meta property=\"og:image:type\" content=\"image\/jpeg\" \/>\n<meta name=\"twitter:card\" content=\"summary_large_image\" \/>\n<meta name=\"twitter:label1\" content=\"Odhadovan\u00e1 doba \u010dten\u00ed\" \/>\n\t<meta name=\"twitter:data1\" content=\"1 minuta\" \/>\n<script type=\"application\/ld+json\" class=\"yoast-schema-graph\">{\"@context\":\"https:\\\/\\\/schema.org\",\"@graph\":[{\"@type\":\"WebPage\",\"@id\":\"https:\\\/\\\/www.dssystem-maszyny.pl\\\/cs\\\/produkt\\\/wood-system-ds-250-6p\\\/\",\"url\":\"https:\\\/\\\/www.dssystem-maszyny.pl\\\/cs\\\/produkt\\\/wood-system-ds-250-6p\\\/\",\"name\":\"VAKUOV\u00c9 CHAPADLO D\u0158EV\u011aN\u00dd SYST\u00c9M DS250 400KG - DSSYSTEM\",\"isPartOf\":{\"@id\":\"https:\\\/\\\/www.dssystem-maszyny.pl\\\/cs\\\/#website\"},\"primaryImageOfPage\":{\"@id\":\"https:\\\/\\\/www.dssystem-maszyny.pl\\\/cs\\\/produkt\\\/wood-system-ds-250-6p\\\/#primaryimage\"},\"image\":{\"@id\":\"https:\\\/\\\/www.dssystem-maszyny.pl\\\/cs\\\/produkt\\\/wood-system-ds-250-6p\\\/#primaryimage\"},\"thumbnailUrl\":\"https:\\\/\\\/www.dssystem-maszyny.pl\\\/wp-content\\\/uploads\\\/2024\\\/02\\\/DS250-silownik3.jpg\",\"datePublished\":\"2024-02-07T17:33:35+00:00\",\"dateModified\":\"2025-11-20T09:02:05+00:00\",\"breadcrumb\":{\"@id\":\"https:\\\/\\\/www.dssystem-maszyny.pl\\\/cs\\\/produkt\\\/wood-system-ds-250-6p\\\/#breadcrumb\"},\"inLanguage\":\"cs\",\"potentialAction\":[{\"@type\":\"ReadAction\",\"target\":[\"https:\\\/\\\/www.dssystem-maszyny.pl\\\/cs\\\/produkt\\\/wood-system-ds-250-6p\\\/\"]}]},{\"@type\":\"ImageObject\",\"inLanguage\":\"cs\",\"@id\":\"https:\\\/\\\/www.dssystem-maszyny.pl\\\/cs\\\/produkt\\\/wood-system-ds-250-6p\\\/#primaryimage\",\"url\":\"https:\\\/\\\/www.dssystem-maszyny.pl\\\/wp-content\\\/uploads\\\/2024\\\/02\\\/DS250-silownik3.jpg\",\"contentUrl\":\"https:\\\/\\\/www.dssystem-maszyny.pl\\\/wp-content\\\/uploads\\\/2024\\\/02\\\/DS250-silownik3.jpg\",\"width\":1920,\"height\":1080},{\"@type\":\"BreadcrumbList\",\"@id\":\"https:\\\/\\\/www.dssystem-maszyny.pl\\\/cs\\\/produkt\\\/wood-system-ds-250-6p\\\/#breadcrumb\",\"itemListElement\":[{\"@type\":\"ListItem\",\"position\":1,\"name\":\"Home\",\"item\":\"https:\\\/\\\/www.dssystem-maszyny.pl\\\/cs\\\/\"},{\"@type\":\"ListItem\",\"position\":2,\"name\":\"Produkty\",\"item\":\"https:\\\/\\\/www.dssystem-maszyny.pl\\\/produkty\\\/\"},{\"@type\":\"ListItem\",\"position\":3,\"name\":\"VAKUOV\u00c9 CHAPADLO D\u0158EV\u011aN\u00dd SYST\u00c9M DS250 400KG\"}]},{\"@type\":\"WebSite\",\"@id\":\"https:\\\/\\\/www.dssystem-maszyny.pl\\\/cs\\\/#website\",\"url\":\"https:\\\/\\\/www.dssystem-maszyny.pl\\\/cs\\\/\",\"name\":\"DSSYSTEM\",\"description\":\"DS SYSTEM producent maszyn - pr\u00f3\u017cniowe chwytaki do szk\u0142a, drewna i p\u0142yty warstwowej, konstrukcje stalowe.\",\"publisher\":{\"@id\":\"https:\\\/\\\/www.dssystem-maszyny.pl\\\/cs\\\/#organization\"},\"potentialAction\":[{\"@type\":\"SearchAction\",\"target\":{\"@type\":\"EntryPoint\",\"urlTemplate\":\"https:\\\/\\\/www.dssystem-maszyny.pl\\\/cs\\\/?s={search_term_string}\"},\"query-input\":{\"@type\":\"PropertyValueSpecification\",\"valueRequired\":true,\"valueName\":\"search_term_string\"}}],\"inLanguage\":\"cs\"},{\"@type\":\"Organization\",\"@id\":\"https:\\\/\\\/www.dssystem-maszyny.pl\\\/cs\\\/#organization\",\"name\":\"DS System Sp. z.o.o.\",\"alternateName\":\"DS System\",\"url\":\"https:\\\/\\\/www.dssystem-maszyny.pl\\\/cs\\\/\",\"logo\":{\"@type\":\"ImageObject\",\"inLanguage\":\"cs\",\"@id\":\"https:\\\/\\\/www.dssystem-maszyny.pl\\\/cs\\\/#\\\/schema\\\/logo\\\/image\\\/\",\"url\":\"https:\\\/\\\/www.dssystem-maszyny.pl\\\/wp-content\\\/uploads\\\/2023\\\/12\\\/DS-SYSTEM-logo.png\",\"contentUrl\":\"https:\\\/\\\/www.dssystem-maszyny.pl\\\/wp-content\\\/uploads\\\/2023\\\/12\\\/DS-SYSTEM-logo.png\",\"width\":1914,\"height\":515,\"caption\":\"DS System Sp. z.o.o.\"},\"image\":{\"@id\":\"https:\\\/\\\/www.dssystem-maszyny.pl\\\/cs\\\/#\\\/schema\\\/logo\\\/image\\\/\"},\"sameAs\":[\"https:\\\/\\\/www.facebook.com\\\/chwytakiprozniowe\",\"https:\\\/\\\/www.instagram.com\\\/dssystem_maszyny\",\"https:\\\/\\\/www.tiktok.com\\\/@dssystem1\"]}]}<\/script>\n<!-- \/ Yoast SEO Premium plugin. -->","yoast_head_json":{"title":"VAKUOV\u00c9 CHAPADLO D\u0158EV\u011aN\u00dd SYST\u00c9M DS250 400KG - DSSYSTEM","robots":{"index":"index","follow":"follow","max-snippet":"max-snippet:-1","max-image-preview":"max-image-preview:large","max-video-preview":"max-video-preview:-1"},"canonical":"https:\/\/www.dssystem-maszyny.pl\/cs\/produkt\/wood-system-ds-250-6p\/","og_locale":"cs_CZ","og_type":"article","og_title":"VAKUOV\u00c9 CHAPADLO D\u0158EV\u011aN\u00dd SYST\u00c9M DS250 400KG","og_description":"Vakuov\u00e9 chapadlo je ur\u010deno pro p\u0159epravu desek podobn\u00fdch d\u0159evu, mezi kter\u00e9 pat\u0159\u00ed laminovan\u00e9 n\u00e1bytkov\u00e9 desky, d\u0159evot\u0159\u00edskov\u00e9 desky, OSB desky, MDF desky a mnoho dal\u0161\u00edch. Za\u0159\u00edzen\u00ed umo\u017e\u0148uje nakl\u00e1dat materi\u00e1l na st\u016fl panelov\u00e9 pily, co\u017e je skv\u011bl\u00fd pomocn\u00edk v truhl\u00e1\u0159sk\u00e9 d\u00edln\u011b. M\u016f\u017ee\u0161 efektivn\u00ed a bezpe\u010dn\u00e1 p\u0159eprava desek, co\u017e \u0161et\u0159\u00ed pen\u00edze \u010cas a pen\u00edze. Chapadlo je velmi snadno [&hellip;]","og_url":"https:\/\/www.dssystem-maszyny.pl\/cs\/produkt\/wood-system-ds-250-6p\/","og_site_name":"DSSYSTEM","article_publisher":"https:\/\/www.facebook.com\/chwytakiprozniowe","article_modified_time":"2025-11-20T09:02:05+00:00","og_image":[{"width":1024,"height":576,"url":"https:\/\/www.dssystem-maszyny.pl\/wp-content\/uploads\/2024\/02\/DS250-silownik3-1024x576.jpg","type":"image\/jpeg"}],"twitter_card":"summary_large_image","twitter_misc":{"Odhadovan\u00e1 doba \u010dten\u00ed":"1 minuta"},"schema":{"@context":"https:\/\/schema.org","@graph":[{"@type":"WebPage","@id":"https:\/\/www.dssystem-maszyny.pl\/cs\/produkt\/wood-system-ds-250-6p\/","url":"https:\/\/www.dssystem-maszyny.pl\/cs\/produkt\/wood-system-ds-250-6p\/","name":"VAKUOV\u00c9 CHAPADLO D\u0158EV\u011aN\u00dd SYST\u00c9M DS250 400KG - DSSYSTEM","isPartOf":{"@id":"https:\/\/www.dssystem-maszyny.pl\/cs\/#website"},"primaryImageOfPage":{"@id":"https:\/\/www.dssystem-maszyny.pl\/cs\/produkt\/wood-system-ds-250-6p\/#primaryimage"},"image":{"@id":"https:\/\/www.dssystem-maszyny.pl\/cs\/produkt\/wood-system-ds-250-6p\/#primaryimage"},"thumbnailUrl":"https:\/\/www.dssystem-maszyny.pl\/wp-content\/uploads\/2024\/02\/DS250-silownik3.jpg","datePublished":"2024-02-07T17:33:35+00:00","dateModified":"2025-11-20T09:02:05+00:00","breadcrumb":{"@id":"https:\/\/www.dssystem-maszyny.pl\/cs\/produkt\/wood-system-ds-250-6p\/#breadcrumb"},"inLanguage":"cs","potentialAction":[{"@type":"ReadAction","target":["https:\/\/www.dssystem-maszyny.pl\/cs\/produkt\/wood-system-ds-250-6p\/"]}]},{"@type":"ImageObject","inLanguage":"cs","@id":"https:\/\/www.dssystem-maszyny.pl\/cs\/produkt\/wood-system-ds-250-6p\/#primaryimage","url":"https:\/\/www.dssystem-maszyny.pl\/wp-content\/uploads\/2024\/02\/DS250-silownik3.jpg","contentUrl":"https:\/\/www.dssystem-maszyny.pl\/wp-content\/uploads\/2024\/02\/DS250-silownik3.jpg","width":1920,"height":1080},{"@type":"BreadcrumbList","@id":"https:\/\/www.dssystem-maszyny.pl\/cs\/produkt\/wood-system-ds-250-6p\/#breadcrumb","itemListElement":[{"@type":"ListItem","position":1,"name":"Home","item":"https:\/\/www.dssystem-maszyny.pl\/cs\/"},{"@type":"ListItem","position":2,"name":"Produkty","item":"https:\/\/www.dssystem-maszyny.pl\/produkty\/"},{"@type":"ListItem","position":3,"name":"VAKUOV\u00c9 CHAPADLO D\u0158EV\u011aN\u00dd SYST\u00c9M DS250 400KG"}]},{"@type":"WebSite","@id":"https:\/\/www.dssystem-maszyny.pl\/cs\/#website","url":"https:\/\/www.dssystem-maszyny.pl\/cs\/","name":"DSSYSTEM","description":"DS SYSTEM producent maszyn - pr\u00f3\u017cniowe chwytaki do szk\u0142a, drewna i p\u0142yty warstwowej, konstrukcje stalowe.","publisher":{"@id":"https:\/\/www.dssystem-maszyny.pl\/cs\/#organization"},"potentialAction":[{"@type":"SearchAction","target":{"@type":"EntryPoint","urlTemplate":"https:\/\/www.dssystem-maszyny.pl\/cs\/?s={search_term_string}"},"query-input":{"@type":"PropertyValueSpecification","valueRequired":true,"valueName":"search_term_string"}}],"inLanguage":"cs"},{"@type":"Organization","@id":"https:\/\/www.dssystem-maszyny.pl\/cs\/#organization","name":"DS System Sp. z.o.o.","alternateName":"DS System","url":"https:\/\/www.dssystem-maszyny.pl\/cs\/","logo":{"@type":"ImageObject","inLanguage":"cs","@id":"https:\/\/www.dssystem-maszyny.pl\/cs\/#\/schema\/logo\/image\/","url":"https:\/\/www.dssystem-maszyny.pl\/wp-content\/uploads\/2023\/12\/DS-SYSTEM-logo.png","contentUrl":"https:\/\/www.dssystem-maszyny.pl\/wp-content\/uploads\/2023\/12\/DS-SYSTEM-logo.png","width":1914,"height":515,"caption":"DS System Sp. z.o.o."},"image":{"@id":"https:\/\/www.dssystem-maszyny.pl\/cs\/#\/schema\/logo\/image\/"},"sameAs":["https:\/\/www.facebook.com\/chwytakiprozniowe","https:\/\/www.instagram.com\/dssystem_maszyny","https:\/\/www.tiktok.com\/@dssystem1"]}]}},"_links":{"self":[{"href":"https:\/\/www.dssystem-maszyny.pl\/cs\/wp-json\/wp\/v2\/product\/9246","targetHints":{"allow":["GET"]}}],"collection":[{"href":"https:\/\/www.dssystem-maszyny.pl\/cs\/wp-json\/wp\/v2\/product"}],"about":[{"href":"https:\/\/www.dssystem-maszyny.pl\/cs\/wp-json\/wp\/v2\/types\/product"}],"wp:featuredmedia":[{"embeddable":true,"href":"https:\/\/www.dssystem-maszyny.pl\/cs\/wp-json\/wp\/v2\/media\/9250"}],"wp:attachment":[{"href":"https:\/\/www.dssystem-maszyny.pl\/cs\/wp-json\/wp\/v2\/media?parent=9246"}],"wp:term":[{"taxonomy":"product_brand","embeddable":true,"href":"https:\/\/www.dssystem-maszyny.pl\/cs\/wp-json\/wp\/v2\/product_brand?post=9246"},{"taxonomy":"product_cat","embeddable":true,"href":"https:\/\/www.dssystem-maszyny.pl\/cs\/wp-json\/wp\/v2\/product_cat?post=9246"},{"taxonomy":"product_tag","embeddable":true,"href":"https:\/\/www.dssystem-maszyny.pl\/cs\/wp-json\/wp\/v2\/product_tag?post=9246"}],"curies":[{"name":"wp","href":"https:\/\/api.w.org\/{rel}","templated":true}]}}